{"id":10002,"date":"2016-08-18T11:11:55","date_gmt":"2016-08-18T15:11:55","guid":{"rendered":"http:\/\/communityfoundations.ca\/fr\/?page_id=10002"},"modified":"2019-05-09T20:48:46","modified_gmt":"2019-05-10T00:48:46","slug":"reports","status":"publish","type":"page","link":"https:\/\/communityfoundations.ca\/fr\/signesvitaux\/reports\/","title":{"rendered":"Rapports communautaires"},"content":{"rendered":"<p>Les rapports <em>Signes vitaux<\/em> servent \u00e0 mesurer la qualit\u00e9 de vie, \u00e0 amorcer des \u00e9changes avec les dirigeants locaux et \u00e0 d\u00e9celer les tendances pour aider les collectivit\u00e9s \u00e0 s&rsquo;attaquer \u00e0 des priorit\u00e9s socio\u00e9conomiques comme la pauvret\u00e9, l&rsquo;ins\u00e9curit\u00e9 alimentaire ou le ch\u00f4mage des jeunes.<\/p>\n<p>Consultez les derniers rapports <em>Signes vitaux<\/em>\u00a0communautaires, pr\u00e9sent\u00e9s en ordre alphab\u00e9tique. Vous pouvez \u00e9galement parcourir tous les rapports <em>Signes vitaux<\/em> par ann\u00e9e ou par collectivit\u00e9 sur en suivant les liens ci-dessous.<\/p>\n<p><strong>Recherche par ann\u00e9e<\/strong><\/p>\n<p style=\"font-size: 14px;\"><a href=\"https:\/\/issuu.com\/communityfoundationsofcanada\/stacks\/9f03a3d567ff41bbaaa3b4ce18af6cf7\">2018<\/a> | <a href=\"https:\/\/issuu.com\/communityfoundationsofcanada\/stacks\/75ded6d1b6054c2ab3f691e49aa78d8d\">2017<\/a> |\u00a0<a href=\"https:\/\/issuu.com\/communityfoundationsofcanada\/stacks\/7469467e769e4372a9f356bc23966469\">2016<\/a> |\u00a0<a href=\"https:\/\/issuu.com\/communityfoundationsofcanada\/stacks\/fe4d15cb394c49fa980e60fdc429893e\">2015<\/a>\u00a0|\u00a0<a href=\"https:\/\/issuu.com\/communityfoundationsofcanada\/stacks\/171a7a5c8075493b87d7aa388c1ccd0f\">2014<\/a>\u00a0|\u00a0<a href=\"https:\/\/issuu.com\/communityfoundationsofcanada\/stacks\/35e85cdbe32543b1baae3e9d37614c38\">2013<\/a>\u00a0|\u00a0<a href=\"https:\/\/issuu.com\/communityfoundationsofcanada\/stacks\/1155a622afda4b21a1d132756ef27ff4\">2012<\/a>\u00a0|\u00a0<a href=\"https:\/\/issuu.com\/communityfoundationsofcanada\/stacks\/99bec56351e64be1b1b65284753c0fa5\">2011<\/a>\u00a0|\u00a0<a href=\"https:\/\/issuu.com\/communityfoundationsofcanada\/stacks\/91b63235022d409ab1a4dba9265fa85d\">2010<\/a>\u00a0|\u00a0<a href=\"https:\/\/issuu.com\/communityfoundationsofcanada\/stacks\/1612482737874100835ec5f79b08ed2f\">2009<\/a>\u00a0|\u00a0<a href=\"https:\/\/issuu.com\/communityfoundationsofcanada\/stacks\/15d9f3a0c4954517aee94b411d4dbbff\">2008<\/a>\u00a0|\u00a0<a href=\"https:\/\/issuu.com\/communityfoundationsofcanada\/stacks\/ce80caea9f664343a46d90ebdab66611\">2007<\/a>\u00a0|\u00a0<a href=\"https:\/\/issuu.com\/communityfoundationsofcanada\/stacks\/a3d2e1302fac416eae068ab462b8a814\">2006<\/a><\/p>\n<p><strong>Recherche par collectivit\u00e9<\/strong><\/p>\n<p style=\"font-size: 14px;\"><strong>C.B.<\/strong>\u00a0&#8211; <a href=\"https:\/\/issuu.com\/communityfoundationsofcanada\/stacks\/beee9aa09fa740f8a0d77988f2c641ab\">Abbotsford<\/a>, <a href=\"https:\/\/issuu.com\/communityfoundationsofcanada\/stacks\/bffb892e55054602aa88722e76c45116\">Alberni Valley<\/a>, <a href=\"https:\/\/issuu.com\/communityfoundationsofcanada\/stacks\/1565f7a4f7304b04aeba5fc405ea0b56\">Boundary Area<\/a>, <a href=\"https:\/\/issuu.com\/communityfoundationsofcanada\/stacks\/4b48282b54cf49d1b9416962757fdafb\">Campbell River<\/a>,\u00a0<a href=\"https:\/\/issuu.com\/communityfoundationsofcanada\/stacks\/9b1643dfe4884917b9b8f96a14eb3f56\">Central Okanagan<\/a>, <a href=\"https:\/\/issuu.com\/communityfoundationsofcanada\/stacks\/68788108ef4a40f5a2ee6ed4e87a0b61\">Clayoquot Sound<\/a>, <a href=\"https:\/\/issuu.com\/communityfoundationsofcanada\/stacks\/99f8b8fc71e445548f0d8d93b94712c2\">Columbia Valley<\/a>, <a href=\"https:\/\/issuu.com\/communityfoundationsofcanada\/stacks\/2c36fe67397446f88d266c82ed79fca0\">Comox Valley<\/a>,\u00a0<a href=\"https:\/\/issuu.com\/communityfoundationsofcanada\/stacks\/0444937a6869461a9293198261b7171a\">Golden<\/a>, <a href=\"https:\/\/issuu.com\/communityfoundationsofcanada\/stacks\/1f30bc2a24284efea9bbae17f576b33b\">Nanaimo<\/a>, <a href=\"https:\/\/issuu.com\/communityfoundationsofcanada\/stacks\/5c013bbf2ed04235b7ebfd3cf47145ca\">North Okanagan<\/a>, <a href=\"https:\/\/issuu.com\/communityfoundationsofcanada\/stacks\/7d674e76d7b44a248ba98c3a851f1b88\">Powell River<\/a>, <a href=\"https:\/\/issuu.com\/communityfoundationsofcanada\/stacks\/7f005b9437cb448c83ffd984a7e7f8e9\">Prince George<\/a>,\u00a0<a href=\"https:\/\/issuu.com\/communityfoundationsofcanada\/stacks\/62bb07ed690649b18f1f19140212ced7\">South Okanagan<\/a>, <a href=\"https:\/\/issuu.com\/communityfoundationsofcanada\/stacks\/015194a0d71e41dda15a58aa6dfdd2d7\">Squamish<\/a>, <a href=\"https:\/\/issuu.com\/communityfoundationsofcanada\/stacks\/2bbadbf7a4de4ec8b257ae6d79ff6cf8\">Sunshine Coast<\/a>, <a href=\"https:\/\/issuu.com\/communityfoundationsofcanada\/stacks\/e6c50bcb3bd242b6a35dd6ff78fc970c\">Squamish<\/a>,\u00a0<a href=\"https:\/\/issuu.com\/communityfoundationsofcanada\/stacks\/8547462cf2f2423085fc471e5edb35a6\">Surrey<\/a>, <a href=\"https:\/\/issuu.com\/communityfoundationsofcanada\/stacks\/7a0c3671fe4341f38b081b0c4b964999\">Vancouver<\/a>, <a href=\"https:\/\/issuu.com\/communityfoundationsofcanada\/stacks\/b9a8389dedf2435c9b117a95c01445a7\">Victoria<\/a>, <a href=\"https:\/\/issuu.com\/communityfoundationsofcanada\/stacks\/6c1256d06b2245e2bf8d86f6946d09f8\">West Vancouver<\/a>, <a href=\"https:\/\/issuu.com\/communityfoundationsofcanada\/stacks\/06c711c0446b41fcb79014b2769bba26\">Whistler<\/a>\u00a0|\u00a0<strong>AB<\/strong> &#8211; <a href=\"https:\/\/issuu.com\/communityfoundationsofcanada\/stacks\/b646cbbb7ae84962bab3c0e9f2479c66\">Calgary<\/a>, <a href=\"https:\/\/issuu.com\/communityfoundationsofcanada\/stacks\/20c344a2177a4d93b6b077ab9278fed4\">Edmonton<\/a>, <a href=\"https:\/\/issuu.com\/communityfoundationsofcanada\/stacks\/426b235fca22492aa32c398945518a2f\">Grande Prairie<\/a>, <a href=\"https:\/\/issuu.com\/communityfoundationsofcanada\/stacks\/06eda8401dbd432fb190c7c511bb224b\">High River<\/a>,\u00a0<a href=\"https:\/\/issuu.com\/communityfoundationsofcanada\/stacks\/f80a23ea9696451dbc261d1f91653636\">Lethbridge<\/a>, <a href=\"https:\/\/issuu.com\/communityfoundationsofcanada\/stacks\/f71b3288ca284e91be44df5944fdec63\">Medicine Hat<\/a>, <a href=\"https:\/\/issuu.com\/communityfoundationsofcanada\/stacks\/2313bbe2eb374d8490e8c66b433b690f\">Red Deer<\/a>\u00a0|\u00a0<strong>SK<\/strong> &#8211; <a href=\"https:\/\/issuu.com\/communityfoundationsofcanada\/stacks\/ad2275fdb30b4557be67312842cabae9\">Regina<\/a>, <a href=\"https:\/\/issuu.com\/communityfoundationsofcanada\/stacks\/e1a03471dc3840f4b07f0896e7a8434d\">Saskatoon<\/a>\u00a0|\u00a0<strong>MB<\/strong> &#8211; <a href=\"https:\/\/issuu.com\/communityfoundationsofcanada\/docs\/selkirk_vital_signs_2018\">Selkirk<\/a>,\u00a0<a href=\"https:\/\/issuu.com\/communityfoundationsofcanada\/stacks\/aed4703722bb4b148dbb7a3483678860\">Winkler<\/a>, <a href=\"https:\/\/issuu.com\/communityfoundationsofcanada\/stacks\/1745ddbfe8d44db1b964a41eb424cff4\">Winnipeg<\/a>\u00a0|\u00a0<strong>ON<\/strong> &#8211; <a href=\"https:\/\/issuu.com\/communityfoundationsofcanada\/stacks\/5e9909c3de5043c5b5b84bc19fa1bbcd\">Brant County<\/a>, <a href=\"https:\/\/issuu.com\/communityfoundationsofcanada\/stacks\/9f797dd2ac0e437f925dac00a25ac4b8\">Burlington<\/a>, <a href=\"https:\/\/issuu.com\/communityfoundationsofcanada\/stacks\/32b70b44c138406494af8a0ecdf31bf6\">Centre Wellington<\/a>, <a href=\"https:\/\/issuu.com\/communityfoundationsofcanada\/stacks\/ca814fb660a14b34a2efdeae1333365f\">Guelph<\/a>, <a href=\"https:\/\/issuu.com\/communityfoundationsofcanada\/stacks\/d1f1b5d4cdcb4fc1811cc355c500239f\">Grey Bruce<\/a>,\u00a0<a href=\"https:\/\/issuu.com\/communityfoundationsofcanada\/stacks\/0dbee8ca1908445b84a26db09c70ba1f\">Hamilton<\/a>, <a href=\"https:\/\/issuu.com\/communityfoundationsofcanada\/stacks\/9aa1fd5fecd241799ff6392a4ccd8281\">Huronia<\/a>, <a href=\"https:\/\/issuu.com\/communityfoundationsofcanada\/stacks\/aa535f97fd5f481780f3a01693953a7b\">Kingston<\/a>, <a href=\"https:\/\/issuu.com\/communityfoundationsofcanada\/stacks\/9462194f4acb4759ba6400535c71481f\">Lanark County<\/a>,\u00a0<a href=\"https:\/\/issuu.com\/communityfoundationsofcanada\/stacks\/c855fc0cc21b4996b64c65f89cef924a\">London<\/a>, <a href=\"https:\/\/issuu.com\/communityfoundationsofcanada\/stacks\/a6883b17235a415b8e56919946413472\">Mississauga<\/a>, <a href=\"https:\/\/issuu.com\/communityfoundationsofcanada\/stacks\/5bf9afa017bc42e8afa6d5531991ac62\">Muskoka<\/a>,\u00a0<a href=\"https:\/\/issuu.com\/communityfoundationsofcanada\/stacks\/0918a88dacc94e24b37075c5a51f52d5\">Napanee<\/a>, <a href=\"https:\/\/issuu.com\/communityfoundationsofcanada\/stacks\/d44dcb4aed0e430fa622566b1b22b3eb\">Norfolk<\/a>,\u00a0<a href=\"https:\/\/issuu.com\/communityfoundationsofcanada\/stacks\/0ee60df60ef747af989ec98bd5b04687\">Oakville<\/a>, <a href=\"https:\/\/issuu.com\/communityfoundationsofcanada\/stacks\/a45cc80e4180467fbc50011b78cb5ab4\">Ottawa<\/a>, <a href=\"https:\/\/issuu.com\/communityfoundationsofcanada\/stacks\/fe98e6409e25415bb4ec78f7cb4528be\">Peterborough<\/a>, <a href=\"https:\/\/issuu.com\/communityfoundationsofcanada\/stacks\/9fd504aa3c3a423985ee5150d11d0140\">Prince Edward County<\/a>, <a href=\"https:\/\/issuu.com\/communityfoundationsofcanada\/stacks\/b28bd3e6ed924e369f1ad255286db910\">Sudbury<\/a>, <a href=\"https:\/\/issuu.com\/communityfoundationsofcanada\/stacks\/019cfe03fa1148e09edb146bc67e9fd8\">Temiskaming<\/a>, <a href=\"https:\/\/issuu.com\/communityfoundationsofcanada\/stacks\/4f73a12d656a4bd982ede186141a23c0\">Toronto<\/a>, <a href=\"https:\/\/issuu.com\/communityfoundationsofcanada\/stacks\/f79ec1e46ea941d48fcb45504ac2b76c\">Waterloo Region<\/a>, <a href=\"https:\/\/issuu.com\/communityfoundationsofcanada\/stacks\/b801b5ab0ddc4872bf56d740bb14c0e5\">Windsor-Essex<\/a>, <a href=\"https:\/\/issuu.com\/communityfoundationsofcanada\/stacks\/a03a620fb0164dc5a7aa6e821babf8ec\">York<\/a>\u00a0|\u00a0<strong>QC<\/strong> &#8211; <a href=\"https:\/\/issuu.com\/communityfoundationsofcanada\/stacks\/1c0e64f99bb3409eb9d32a45525337cb\">Montreal<\/a>\u00a0|\u00a0<strong>N.B.<\/strong> &#8211; <a href=\"https:\/\/issuu.com\/communityfoundationsofcanada\/stacks\/86095a07695e43d0838b669b80f1d9e6\">Fredericton<\/a>, <a href=\"https:\/\/issuu.com\/communityfoundationsofcanada\/stacks\/035130b8ab73468ebece38dbf26258c0\">Saint John<\/a>\u00a0|\u00a0<strong>I.-P.-E.<\/strong>\u00a0&#8211; <a href=\"https:\/\/issuu.com\/communityfoundationsofcanada\/stacks\/c0af49865d3646ad85e06dd88e2ff6a7\"> \u00cele-du-Prince-\u00c9douard<\/a>\u00a0|\u00a0<strong>N.\u00c9.<\/strong> &#8211; <a href=\"https:\/\/issuu.com\/communityfoundationsofcanada\/stacks\/f55ecc4fe0904970a78d9fb6152bf02d\">Nouvelle-\u00c9cosse<\/a>\u00a0| <b>T.-N.-L.<\/b>\u00a0&#8211; <a href=\"https:\/\/issuu.com\/communityfoundationsofcanada\/stacks\/7332ee9d54344b89bb47ab936c63c69b\">Terre-Neuve et Labrador<\/a><\/p>\n<p>Tous les rapports 2017 peuvent aussi \u00eatre consult\u00e9s <a href=\"https:\/\/issuu.com\/communityfoundationsofcanada\/stacks\/9f03a3d567ff41bbaaa3b4ce18af6cf7\">sur Issuu<\/a>.<\/p>\n<table border=\"0\" align=\"center\">\n<tbody>\n<tr>\n<td>\n<div class=\"issuuembed\" style=\"width: 300px; height: 300px;\" data-configid=\"19308524\/64904958\"><\/div>\n<p><script type=\"text\/javascript\" src=\"\/\/e.issuu.com\/embed.js\" async=\"true\"><\/script><\/p>\n<p style=\"font-size: 14px;\" align=\"center\">Alberni Valley, C.-B.<\/p>\n<\/td>\n<td>\n<div class=\"issuuembed\" style=\"width: 300px; height: 300px;\" data-configid=\"19308524\/63949392\"><\/div>\n<p><script type=\"text\/javascript\" src=\"\/\/e.issuu.com\/embed.js\" async=\"true\"><\/script><\/p>\n<p style=\"font-size: 14px;\" align=\"center\">Brant County, ON<\/p>\n<\/td>\n<td>\n<div class=\"issuuembed\" style=\"width: 300px; height: 300px;\" data-configid=\"19308524\/64882535\"><\/div>\n<p><script type=\"text\/javascript\" src=\"\/\/e.issuu.com\/embed.js\" async=\"true\"><\/script><\/p>\n<p style=\"font-size: 14px;\" align=\"center\">Calgary, AB<\/p>\n<\/td>\n<\/tr>\n<tr>\n<td>\n<div class=\"issuuembed\" style=\"width: 300px; height: 300px;\" data-configid=\"19308524\/64904967\"><\/div>\n<p><script type=\"text\/javascript\" src=\"\/\/e.issuu.com\/embed.js\" async=\"true\"><\/script><\/p>\n<p style=\"font-size: 14px;\" align=\"center\">Campbell River, C.-B.<\/p>\n<\/td>\n<td>\n<div class=\"issuuembed\" style=\"width: 300px; height: 300px;\" data-configid=\"19308524\/62415727\"><\/div>\n<p><script type=\"text\/javascript\" src=\"\/\/e.issuu.com\/embed.js\" async=\"true\"><\/script><\/p>\n<p style=\"font-size: 14px;\" align=\"center\">Central Okanagan, C.-B.<\/p>\n<\/td>\n<td>\n<div class=\"issuuembed\" style=\"width: 300px; height: 300px;\" data-configid=\"19308524\/66063026\"><\/div>\n<p><script type=\"text\/javascript\" src=\"\/\/e.issuu.com\/embed.js\" async=\"true\"><\/script><\/p>\n<p style=\"font-size: 14px;\" align=\"center\">Clayoquot, C.-B.<\/p>\n<\/td>\n<\/tr>\n<tr>\n<td>\n<div class=\"issuuembed\" style=\"width: 300px; height: 300px;\" data-configid=\"19308524\/64904979\"><\/div>\n<p><script type=\"text\/javascript\" src=\"\/\/e.issuu.com\/embed.js\" async=\"true\"><\/script><\/p>\n<p style=\"font-size: 14px;\" align=\"center\">Comox Valley, C.-B.<\/p>\n<\/td>\n<td>\n<div class=\"issuuembed\" style=\"width: 300px; height: 300px;\" data-configid=\"19308524\/64934712\"><\/div>\n<p><script type=\"text\/javascript\" src=\"\/\/e.issuu.com\/embed.js\" async=\"true\"><\/script><\/p>\n<p style=\"font-size: 14px;\" align=\"center\">Comt\u00e9 Prince Edward, ON<\/p>\n<\/td>\n<td>\n<div class=\"issuuembed\" style=\"width: 300px; height: 300px;\" data-configid=\"19308524\/64882764\"><\/div>\n<p><script type=\"text\/javascript\" src=\"\/\/e.issuu.com\/embed.js\" async=\"true\"><\/script><\/p>\n<p style=\"font-size: 14px;\" align=\"center\">Edmonton, AB<\/p>\n<\/td>\n<\/tr>\n<tr>\n<td>\n<div class=\"issuuembed\" style=\"width: 300px; height: 300px;\" data-configid=\"19308524\/62415700\"><\/div>\n<p><script type=\"text\/javascript\" src=\"\/\/e.issuu.com\/embed.js\" async=\"true\"><\/script><\/p>\n<p style=\"font-size: 14px;\" align=\"center\">Hamilton, ON<\/p>\n<\/td>\n<td>\n<div class=\"issuuembed\" style=\"width: 300px; height: 300px;\" data-configid=\"19308524\/65176224\"><\/div>\n<p><script type=\"text\/javascript\" src=\"\/\/e.issuu.com\/embed.js\" async=\"true\"><\/script><\/p>\n<p style=\"font-size: 14px;\" align=\"center\">Kingston, ON<\/p>\n<\/td>\n<td>\n<div class=\"issuuembed\" style=\"width: 300px; height: 300px;\" data-configid=\"19308524\/64941200\"><\/div>\n<p><script type=\"text\/javascript\" src=\"\/\/e.issuu.com\/embed.js\" async=\"true\"><\/script><\/p>\n<p style=\"font-size: 14px;\" align=\"center\">Lethbridge, AB<\/p>\n<\/td>\n<\/tr>\n<tr>\n<td>\n<div class=\"issuuembed\" style=\"width: 300px; height: 300px;\" data-configid=\"19308524\/65060704\"><\/div>\n<p><script type=\"text\/javascript\" src=\"\/\/e.issuu.com\/embed.js\" async=\"true\"><\/script><\/p>\n<p style=\"font-size: 14px;\" align=\"center\">London, ON<\/p>\n<\/td>\n<td>\n<div class=\"issuuembed\" style=\"width: 300px; height: 300px;\" data-configid=\"19308524\/64602384\"><\/div>\n<p><script type=\"text\/javascript\" src=\"\/\/e.issuu.com\/embed.js\" async=\"true\"><\/script><\/p>\n<p style=\"font-size: 14px;\" align=\"center\">Mississsauga, ON<\/p>\n<\/td>\n<td>\n<div class=\"issuuembed\" style=\"width: 300px; height: 300px;\" data-configid=\"19308524\/65818462\"><\/div>\n<p><script type=\"text\/javascript\" src=\"\/\/e.issuu.com\/embed.js\" async=\"true\"><\/script><\/p>\n<p style=\"font-size: 14px;\" align=\"center\">Muskoka, ON<\/p>\n<\/td>\n<\/tr>\n<tr>\n<td>\n<div class=\"issuuembed\" style=\"width: 300px; height: 300px;\" data-configid=\"19308524\/64934728\"><\/div>\n<p><script type=\"text\/javascript\" src=\"\/\/e.issuu.com\/embed.js\" async=\"true\"><\/script><\/p>\n<p style=\"font-size: 14px;\" align=\"center\">Regina, SK<\/p>\n<\/td>\n<td>\n<div class=\"issuuembed\" style=\"width: 300px; height: 300px;\" data-configid=\"19308524\/64456998\"><\/div>\n<p><script type=\"text\/javascript\" src=\"\/\/e.issuu.com\/embed.js\" async=\"true\"><\/script><\/p>\n<p style=\"font-size: 14px;\" align=\"center\">Selkirk, MB<\/p>\n<\/td>\n<td>\n<div class=\"issuuembed\" style=\"width: 300px; height: 300px;\" data-configid=\"19308524\/65117250\"><\/div>\n<p><script type=\"text\/javascript\" src=\"\/\/e.issuu.com\/embed.js\" async=\"true\"><\/script><\/p>\n<p style=\"font-size: 14px;\" align=\"center\">South Okanagan, C.-B.<\/p>\n<\/td>\n<\/tr>\n<tr>\n<td>\n<div class=\"issuuembed\" style=\"width: 300px; height: 300px;\" data-configid=\"19308524\/66314998\"><\/div>\n<p><script type=\"text\/javascript\" src=\"\/\/e.issuu.com\/embed.js\" async=\"true\"><\/script><\/p>\n<p style=\"font-size: 14px;\" align=\"center\">Surrey, C.-B.<\/p>\n<\/td>\n<td>\n<div class=\"issuuembed\" style=\"width: 300px; height: 300px;\" data-configid=\"19308524\/65067206\"><\/div>\n<p><script type=\"text\/javascript\" src=\"\/\/e.issuu.com\/embed.js\" async=\"true\"><\/script><\/p>\n<p style=\"font-size: 14px;\" align=\"center\">Terre-Neuve-et-Labrador<\/p>\n<\/td>\n<td>\n<div class=\"issuuembed\" style=\"width: 300px; height: 300px;\" data-configid=\"19308524\/65677984\"><\/div>\n<p><script type=\"text\/javascript\" src=\"\/\/e.issuu.com\/embed.js\" async=\"true\"><\/script><\/p>\n<p style=\"font-size: 14px;\" align=\"center\">Toronto, ON<\/p>\n<\/td>\n<\/tr>\n<tr>\n<td>\n<div class=\"issuuembed\" style=\"width: 300px; height: 300px;\" data-configid=\"19308524\/64882529\"><\/div>\n<p><script type=\"text\/javascript\" src=\"\/\/e.issuu.com\/embed.js\" async=\"true\"><\/script><\/p>\n<p style=\"font-size: 14px;\" align=\"center\">Victoria, C.-B.<\/p>\n<\/td>\n<td>\n<div class=\"issuuembed\" style=\"width: 300px; height: 300px;\" data-configid=\"19308524\/64857442\"><\/div>\n<p><script type=\"text\/javascript\" src=\"\/\/e.issuu.com\/embed.js\" async=\"true\"><\/script><\/p>\n<p style=\"font-size: 14px;\" align=\"center\">Whistler, C.-B.<\/p>\n<\/td>\n<td>\n<div class=\"issuuembed\" style=\"width: 300px; height: 300px;\" data-configid=\"19308524\/64904952\"><\/div>\n<p><script type=\"text\/javascript\" src=\"\/\/e.issuu.com\/embed.js\" async=\"true\"><\/script><\/p>\n<p style=\"font-size: 14px;\" align=\"center\">Windsor, ON<\/p>\n<\/td>\n<\/tr>\n<tr>\n<td>\n<div class=\"issuuembed\" style=\"width: 300px; height: 300px;\" data-configid=\"19308524\/64857526\"><\/div>\n<p><script type=\"text\/javascript\" src=\"\/\/e.issuu.com\/embed.js\" async=\"true\"><\/script><\/p>\n<p style=\"font-size: 14px;\" align=\"center\">Winkler, MB<\/p>\n<\/td>\n<\/tr>\n<\/tbody>\n<\/table>\n","protected":false},"excerpt":{"rendered":"<p>Les rapports Signes vitaux servent \u00e0 mesurer la qualit\u00e9 de vie, \u00e0 amorcer des \u00e9changes avec les dirigeants locaux et \u00e0 d\u00e9celer les tendances pour aider les collectivit\u00e9s \u00e0 s&rsquo;attaquer \u00e0 des priorit\u00e9s socio\u00e9conomiques comme la pauvret\u00e9, l&rsquo;ins\u00e9curit\u00e9 alimentaire ou le ch\u00f4mage des jeunes. Consultez les derniers rapports Signes vitaux\u00a0communautaires, pr\u00e9sent\u00e9s en ordre alphab\u00e9tique. Vous [&hellip;]<\/p>\n","protected":false},"author":2,"featured_media":0,"parent":9641,"menu_order":0,"comment_status":"closed","ping_status":"closed","template":"templates\/page-vital-signs.php","meta":{"footnotes":""},"class_list":["post-10002","page","type-page","status-publish","hentry"],"acf":[],"_links":{"self":[{"href":"https:\/\/communityfoundations.ca\/fr\/wp-json\/wp\/v2\/pages\/10002","targetHints":{"allow":["GET"]}}],"collection":[{"href":"https:\/\/communityfoundations.ca\/fr\/wp-json\/wp\/v2\/pages"}],"about":[{"href":"https:\/\/communityfoundations.ca\/fr\/wp-json\/wp\/v2\/types\/page"}],"author":[{"embeddable":true,"href":"https:\/\/communityfoundations.ca\/fr\/wp-json\/wp\/v2\/users\/2"}],"replies":[{"embeddable":true,"href":"https:\/\/communityfoundations.ca\/fr\/wp-json\/wp\/v2\/comments?post=10002"}],"version-history":[{"count":0,"href":"https:\/\/communityfoundations.ca\/fr\/wp-json\/wp\/v2\/pages\/10002\/revisions"}],"up":[{"embeddable":true,"href":"https:\/\/communityfoundations.ca\/fr\/wp-json\/wp\/v2\/pages\/9641"}],"wp:attachment":[{"href":"https:\/\/communityfoundations.ca\/fr\/wp-json\/wp\/v2\/media?parent=10002"}],"curies":[{"name":"wp","href":"https:\/\/api.w.org\/{rel}","templated":true}]}}