{"id":10003,"date":"2016-08-30T15:02:30","date_gmt":"2016-08-30T19:02:30","guid":{"rendered":"http:\/\/communityfoundations.ca\/fr\/?page_id=10003"},"modified":"2019-05-09T20:48:46","modified_gmt":"2019-05-10T00:48:46","slug":"national-vital-signs","status":"publish","type":"page","link":"https:\/\/communityfoundations.ca\/fr\/signesvitaux\/national-vital-signs\/","title":{"rendered":"Signes vitaux national"},"content":{"rendered":"<p>Au Canada et \u00e0 travers le monde, les fondations communautaires utilisent <em>Signes vitaux<\/em> pour identifier les besoins et les priorit\u00e9s au niveau local. Fondations communautaires du Canada joue \u00e0 la fois un r\u00f4le de leadership et de soutien pour les programmes <em>Signes vitaux<\/em> des fondations communautaires, au pays et \u00e0 l\u2019\u00e9tranger.<\/p>\n<p><em>Signes vitaux<\/em> nous permet de prendre le pouls des collectivit\u00e9s relativement aux enjeux importants, et d\u2019impulser des changements dans les collectivit\u00e9s de l\u2019Atlantique au Pacifique \u00e0 l\u2019Arctique gr\u00e2ce \u00e0 notre r\u00e9seau de fondations communautaires, de partenaires et d\u2019alli\u00e9s. Tout comme les fondations communautaires, Fondations communautaires du Canada se sert de <em>Signes vitaux<\/em> pour inciter les gens d\u2019ici \u00e0 \u00e9tudier davantage les enjeux et les tendances ayant une incidence sur la vitalit\u00e9 de nos collectivit\u00e9s.<\/p>\n<p>Depuis 2015, Fondations communautaires du Canada explore les nombreuses facettes de l\u2019appartenance. Cette \u00e9tude a fait l\u2019objet d\u2019un rapport national publi\u00e9 en trois parties (octobre 2015, 2016 et 2017, consultables <a href=\"https:\/\/communityfoundations.ca\/fr\/signesvitaux\/appartenance\/\">ici<\/a>) et de deux rapports sp\u00e9ciaux sur les liens entre <a href=\"https:\/\/communityfoundations.ca\/fr\/sportetappartenance\/\">le sport et l&rsquo;appartenance<\/a> (avril 2016) et <a href=\"https:\/\/communityfoundations.ca\/fr\/artsetappartenance\/\">les arts et l&rsquo;appartenance <\/a>(avril 2017). Les rapports de Fondations communautaires du Canada ont dress\u00e9 un tableau national, tandis que les fondations communautaires canadiennes ont examin\u00e9 l\u2019appartenance \u00e0 l\u2019\u00e9chelle locale. Notre recherche sur l\u2019appartenance a d\u00e9montr\u00e9 qu\u2019il y a encore beaucoup de travail \u00e0 faire pour que nos collectivit\u00e9s soient vraiment inclusives.<\/p>\n<p>Depuis 2017, Fondations communautaires du Canada explore comment int\u00e9grer les Objectifs de d\u00e9veloppement durable (ODD) des Nations Unies \u00e0 <em>Signes vitaux <\/em>et \u00e0 notre \u00e9tude de l\u2019appartenance. Assortis du mandat de \u00ab\u00a0ne laisser personne de c\u00f4t\u00e9\u00a0\u00bb, les ODD fournissent aux fondations communautaires l\u2019occasion d\u2019utiliser un m\u00eame cadre d\u2019\u00e9valuation, de faire un suivi et de rendre compte, via <em>Signes vitaux<\/em>, des progr\u00e8s locaux relativement aux objectifs mondiaux pour s\u2019assurer qu\u2019on ne laisse personne de c\u00f4t\u00e9.<\/p>\n<p><a href=\"https:\/\/communityfoundations.ca\/wp-content\/uploads\/2016\/09\/VitalSignsBelonging_HeaderImage.jpg\"><img loading=\"lazy\" decoding=\"async\" class=\"aligncenter size-large wp-image-10322\" src=\"https:\/\/communityfoundations.ca\/wp-content\/uploads\/2016\/09\/VitalSignsBelonging_HeaderImage-1024x184.jpg\" alt=\"vitalsignsbelonging_headerimage\" width=\"1024\" height=\"184\" \/><\/a><\/p>\n<p style=\"text-align: center;\"><span class=\"button no-margin\"><b><a href=\"https:\/\/communityfoundations.ca\/fr\/signesvitaux\/appartenance\/\">Explorez notre th\u00e8me de l&rsquo;appartenance<\/a><\/b><\/span><\/p>\n<h2 class=\"smaller\">Personne \u00e0 contacter<\/h2>\n<aside class=\"program-contact\"><img loading=\"lazy\" decoding=\"async\" class=\"alignnone size-full wp-image-14949\" src=\"https:\/\/communityfoundations.ca\/wp-content\/uploads\/2018\/01\/p2117816352-o1002228219-4-e1469646615421.jpg\" alt=\"\" width=\"300\" height=\"300\" \/><\/p>\n<div>\n<h3>Alison Sidney<\/h3>\n<p class=\"title\"><span style=\"font-weight: 400;\">Gestionnaire, Initiatives strat\u00e9giques<\/span><\/p>\n<p><span style=\"font-weight: 400;\">Alison tient un r\u00f4le du premier plan dans la strat\u00e9gie et la mise en \u0153uvre des Signes vitaux pour le r\u00e9seau du Fondations communautaires du Canada<\/span>.<\/p>\n<p><a href=\"mailto:asidney@communityfoundations.ca\">asidney@communityfoundations.ca<\/a> |\u00a0(613) 236-2664, poste 333<\/p>\n<\/div>\n<\/aside>\n","protected":false},"excerpt":{"rendered":"<p>Au Canada et \u00e0 travers le monde, les fondations communautaires utilisent Signes vitaux pour identifier les besoins et les priorit\u00e9s au niveau local. Fondations communautaires du Canada joue \u00e0 la fois un r\u00f4le de leadership et de soutien pour les programmes Signes vitaux des fondations communautaires, au pays et \u00e0 l\u2019\u00e9tranger. Signes vitaux nous permet [&hellip;]<\/p>\n","protected":false},"author":2,"featured_media":0,"parent":9641,"menu_order":0,"comment_status":"closed","ping_status":"closed","template":"templates\/page-vital-signs.php","meta":{"footnotes":""},"class_list":["post-10003","page","type-page","status-publish","hentry"],"acf":[],"_links":{"self":[{"href":"https:\/\/communityfoundations.ca\/fr\/wp-json\/wp\/v2\/pages\/10003","targetHints":{"allow":["GET"]}}],"collection":[{"href":"https:\/\/communityfoundations.ca\/fr\/wp-json\/wp\/v2\/pages"}],"about":[{"href":"https:\/\/communityfoundations.ca\/fr\/wp-json\/wp\/v2\/types\/page"}],"author":[{"embeddable":true,"href":"https:\/\/communityfoundations.ca\/fr\/wp-json\/wp\/v2\/users\/2"}],"replies":[{"embeddable":true,"href":"https:\/\/communityfoundations.ca\/fr\/wp-json\/wp\/v2\/comments?post=10003"}],"version-history":[{"count":0,"href":"https:\/\/communityfoundations.ca\/fr\/wp-json\/wp\/v2\/pages\/10003\/revisions"}],"up":[{"embeddable":true,"href":"https:\/\/communityfoundations.ca\/fr\/wp-json\/wp\/v2\/pages\/9641"}],"wp:attachment":[{"href":"https:\/\/communityfoundations.ca\/fr\/wp-json\/wp\/v2\/media?parent=10003"}],"curies":[{"name":"wp","href":"https:\/\/api.w.org\/{rel}","templated":true}]}}