{"id":10004,"date":"2016-08-30T14:39:32","date_gmt":"2016-08-30T18:39:32","guid":{"rendered":"http:\/\/communityfoundations.ca\/fr\/?page_id=10004"},"modified":"2019-05-09T20:48:46","modified_gmt":"2019-05-10T00:48:46","slug":"appartenance","status":"publish","type":"page","link":"https:\/\/communityfoundations.ca\/fr\/signesvitaux\/appartenance\/","title":{"rendered":"L&rsquo;appartenance"},"content":{"rendered":"<h2 class=\"p1\">Nos liens, nos collectivit\u00e9s<\/h2>\n<p>Qu&rsquo;est-ce que l&rsquo;appartenance? Qu&rsquo;est-ce qui l&rsquo;influence? Pourquoi est-ce important?<\/p>\n<p>L&rsquo;appartenance est essentielle pour b\u00e2tir des collectivit\u00e9s fortes et un pays ax\u00e9 sur l&rsquo;inclusion et la coh\u00e9sion. L&rsquo;appartenance touche tous les aspects de la vie communautaire et est li\u00e9e \u00e0 certains des probl\u00e8mes les plus urgents d&rsquo;aujourd&rsquo;hui, comme l&rsquo;inclusion des nouveaux arrivants, le renouvellement des relations entre les peuples autochtones et l&rsquo;ensemble de la population canadienne ou la revitalisation des collectivit\u00e9s rurales et \u00e9loign\u00e9es.<\/p>\n<p>En 2015, nous avons entrepris une exploration pluriannuelle et \u00e0 multiples volets sur le th\u00e8me de l&rsquo;appartenance. Le programme<em> Signes vitaux <\/em>et l&rsquo;int\u00e9r\u00eat particulier pour le th\u00e8me de l&rsquo;appartenance se poursuivront jusqu&rsquo;\u00e0 la fin de 2017. Nous avons publi\u00e9 ainsi un rapport en trois parties ainsi que deux rapports sp\u00e9ciaux, l&rsquo;un sur les liens entre <a href=\"https:\/\/communityfoundations.ca\/fr\/sportetappartenance\/\">le sport et l&rsquo;appartenance<\/a> (publi\u00e9 en avril 2016), l&rsquo;autre sur <a href=\"https:\/\/communityfoundations.ca\/fr\/artsetappartenance\/\">les arts et l&rsquo;appartenance<\/a> (publi\u00e9 en avril 2017).<\/p>\n<h3><b>Rapport national Signes vitaux 2017 : l\u2019appartenance et les syst\u00e8mes en vigueur<\/b><\/h3>\n<p>Le rapport national Signes vitaux 2017&nbsp;examine les nombreuses fa\u00e7ons dont les syst\u00e8mes en vigueur dans les&nbsp;collectivit\u00e9s ont une incidence sur le sentiment d\u2019inclusion. En puisant dans une mine de&nbsp;connaissances communautaires, cette publication d\u00e9voile comment le sentiment&nbsp;d\u2019appartenance, surtout chez les nouveaux arrivants, les minorit\u00e9s visibles et les&nbsp;Autochtones, est affaibli par la hausse des co\u00fbts de logement, les in\u00e9galit\u00e9s sur le plan&nbsp;des salaires et de la richesse, et le manque de confiance dans les institutions publiques.<\/p>\n<div data-configid=\"19308524\/56987253\" style=\"width:650px; height:841px;\" class=\"issuuembed\"><\/div>\n<p><script type=\"text\/javascript\" src=\"\/\/e.issuu.com\/embed.js\" async=\"true\"><\/script><\/p>\n<h3>Rapport national 2016 : La participation sociale et l&rsquo;appartenance<\/h3>\n<p dir=\"ltr\"><span style=\"font-weight: 400;\">Dans notre rapport de 2015, nous avons d\u00e9fini simplement le concept d&rsquo;appartenance comme <em>le fait de faire partie d&rsquo;un nous <strong>collectif<\/strong>.<\/em> Nous affirmons \u00e9galement que l&rsquo;appartenance fonctionne dans les deux sens : c&rsquo;est d&rsquo;une part la mesure dans laquelle nous croyons appartenir \u00e0 un endroit ou \u00e0 un groupe et, d&rsquo;autre part, la mesure dans laquelle cet endroit ou ce groupe nous accueille et nous inclut. Nous poursuivons cette ann\u00e9e notre exploration en publiant un rapport qui porte sur l&rsquo;un de ces deux sens; nous utilisons la perspective de la participation sociale pour mieux comprendre comment nous, en tant qu&rsquo;individus, ressentons notre appartenance.<\/span><\/p>\n<div class=\"issuuembed\" style=\"width: 650px; height: 841px;\" data-configid=\"19308524\/39314781\"><\/div>\n<p><script type=\"text\/javascript\" src=\"\/\/e.issuu.com\/embed.js\" async=\"true\"><\/script><\/p>\n<h3>Rapport national 2016 : Le sport et l&rsquo;appartenance<\/h3>\n<p><span style=\"font-weight: 400;\">Produit en partenariat avec la Fondation Sport pur, ce rapport national Signes <em>vitaux<\/em> jette un regard particulier sur la fa\u00e7on dont le sport \u2013 \u00e0 condition d\u2019\u00eatre fond\u00e9 sur l&rsquo;\u00e9quit\u00e9, l&rsquo;excellence, l&rsquo;inclusion et le plaisir &#8211; peut renforcer l&rsquo;appartenance mutuelle <\/span><span style=\"font-weight: 400;\">et \u00e0 nos collectivit\u00e9s.<\/span><\/p>\n<p><span class=\"button no-margin\"><a href=\"https:\/\/communityfoundations.ca\/fr\/sportetappartenance\/\" target=\"_blank\" rel=\"noopener noreferrer\">D\u00c9TAILS<\/a><\/span><\/p>\n<h3>Rapport national 2015 : Comprendre l&rsquo;appartenance<\/h3>\n<p><span style=\"font-weight: 400;\">Ce premier rapport examine notre sentiment d&rsquo;appartenance au fil des 50 derni\u00e8res ann\u00e9es, et vers o\u00f9 nous nous dirigeons en tant que collectivit\u00e9s et que pays \u00e0 la veille du 150<\/span><span style=\"font-weight: 400;\">e<\/span><span style=\"font-weight: 400;\"> anniversaire du Canada en 2017 et au-del\u00e0.<\/span><\/p>\n<div class=\"issuuembed\" style=\"width: 650px; height: 841px;\" data-configid=\"19308524\/30523499\"><\/div>\n<p><script type=\"text\/javascript\" src=\"\/\/e.issuu.com\/embed.js\" async=\"true\"><\/script><\/p>\n<p><span class=\"more-link\"><a href=\"https:\/\/communityfoundations.ca\/wp-content\/uploads\/2015\/10\/FCC_SignesVitaux_Appartenance_2015_digital.pdf\">T\u00e9l\u00e9charger<\/a><\/span><\/p>\n","protected":false},"excerpt":{"rendered":"<p>Nos liens, nos collectivit\u00e9s Qu&rsquo;est-ce que l&rsquo;appartenance? Qu&rsquo;est-ce qui l&rsquo;influence? Pourquoi est-ce important? L&rsquo;appartenance est essentielle pour b\u00e2tir des collectivit\u00e9s fortes et un pays ax\u00e9 sur l&rsquo;inclusion et la coh\u00e9sion. L&rsquo;appartenance touche tous les aspects de la vie communautaire et est li\u00e9e \u00e0 certains des probl\u00e8mes les plus urgents d&rsquo;aujourd&rsquo;hui, comme l&rsquo;inclusion des nouveaux arrivants, [&hellip;]<\/p>\n","protected":false},"author":2,"featured_media":20379,"parent":9641,"menu_order":0,"comment_status":"closed","ping_status":"closed","template":"templates\/page-vital-signs.php","meta":{"footnotes":""},"class_list":["post-10004","page","type-page","status-publish","has-post-thumbnail","hentry"],"acf":[],"_links":{"self":[{"href":"https:\/\/communityfoundations.ca\/fr\/wp-json\/wp\/v2\/pages\/10004","targetHints":{"allow":["GET"]}}],"collection":[{"href":"https:\/\/communityfoundations.ca\/fr\/wp-json\/wp\/v2\/pages"}],"about":[{"href":"https:\/\/communityfoundations.ca\/fr\/wp-json\/wp\/v2\/types\/page"}],"author":[{"embeddable":true,"href":"https:\/\/communityfoundations.ca\/fr\/wp-json\/wp\/v2\/users\/2"}],"replies":[{"embeddable":true,"href":"https:\/\/communityfoundations.ca\/fr\/wp-json\/wp\/v2\/comments?post=10004"}],"version-history":[{"count":0,"href":"https:\/\/communityfoundations.ca\/fr\/wp-json\/wp\/v2\/pages\/10004\/revisions"}],"up":[{"embeddable":true,"href":"https:\/\/communityfoundations.ca\/fr\/wp-json\/wp\/v2\/pages\/9641"}],"wp:featuredmedia":[{"embeddable":true,"href":"https:\/\/communityfoundations.ca\/fr\/wp-json\/wp\/v2\/media\/20379"}],"wp:attachment":[{"href":"https:\/\/communityfoundations.ca\/fr\/wp-json\/wp\/v2\/media?parent=10004"}],"curies":[{"name":"wp","href":"https:\/\/api.w.org\/{rel}","templated":true}]}}