{"id":19348,"date":"2019-04-12T14:53:04","date_gmt":"2019-04-12T18:53:04","guid":{"rendered":"https:\/\/communityfoundations.ca\/current-initiatives\/"},"modified":"2025-06-11T11:29:47","modified_gmt":"2025-06-11T15:29:47","slug":"current-initiatives","status":"publish","type":"page","link":"https:\/\/communityfoundations.ca\/fr\/current-initiatives\/","title":{"rendered":"Nos initiatives"},"content":{"rendered":"\n<p>Nous travaillons avec les fondations communautaires et nos partenaires afin de produire un \u00e9ventail de programmes et de projets pour aider les communaut\u00e9s \u00e0 \u00eatre fortes, r\u00e9silientes et durables. <\/p>\n","protected":false},"excerpt":{"rendered":"<p>Nous travaillons avec les fondations communautaires et nos partenaires afin de produire un \u00e9ventail de programmes et de projets pour aider les communaut\u00e9s \u00e0 \u00eatre fortes, r\u00e9silientes et durables.<\/p>\n","protected":false},"author":2,"featured_media":0,"parent":0,"menu_order":0,"comment_status":"closed","ping_status":"closed","template":"templates\/page-initiatives-current.php","meta":{"footnotes":""},"class_list":["post-19348","page","type-page","status-publish","hentry"],"acf":[],"_links":{"self":[{"href":"https:\/\/communityfoundations.ca\/fr\/wp-json\/wp\/v2\/pages\/19348","targetHints":{"allow":["GET"]}}],"collection":[{"href":"https:\/\/communityfoundations.ca\/fr\/wp-json\/wp\/v2\/pages"}],"about":[{"href":"https:\/\/communityfoundations.ca\/fr\/wp-json\/wp\/v2\/types\/page"}],"author":[{"embeddable":true,"href":"https:\/\/communityfoundations.ca\/fr\/wp-json\/wp\/v2\/users\/2"}],"replies":[{"embeddable":true,"href":"https:\/\/communityfoundations.ca\/fr\/wp-json\/wp\/v2\/comments?post=19348"}],"version-history":[{"count":3,"href":"https:\/\/communityfoundations.ca\/fr\/wp-json\/wp\/v2\/pages\/19348\/revisions"}],"predecessor-version":[{"id":20298,"href":"https:\/\/communityfoundations.ca\/fr\/wp-json\/wp\/v2\/pages\/19348\/revisions\/20298"}],"wp:attachment":[{"href":"https:\/\/communityfoundations.ca\/fr\/wp-json\/wp\/v2\/media?parent=19348"}],"curies":[{"name":"wp","href":"https:\/\/api.w.org\/{rel}","templated":true}]}}