{"id":19386,"date":"2019-04-12T14:51:45","date_gmt":"2019-04-12T14:51:45","guid":{"rendered":"https:\/\/communityfoundations.ca\/our-people\/"},"modified":"2019-05-15T21:11:31","modified_gmt":"2019-05-16T01:11:31","slug":"our-people","status":"publish","type":"page","link":"https:\/\/communityfoundations.ca\/fr\/our-people\/","title":{"rendered":"Notre \u00e9quipe"},"content":{"rendered":"\n<p>Nous sommes des professionnels d\u00e9vou\u00e9s et enthousiastes, qui se soucient des autres et du monde dans lequel nous vivons. Nous sommes des collaborateurs \u00e0 l\u2019esprit ouvert. Nous sommes des voyageurs, des technologues, des raconteurs d\u2019histoires, des strat\u00e8ges, des militants, des organisateurs communautaires, des gobeurs de chiffres, des mordus de politique, des d\u00e9fenseurs de l\u2019environnement. Et nous croyons tous passionn\u00e9ment au pouvoir des communaut\u00e9s!<\/p>\n","protected":false},"excerpt":{"rendered":"<p>Nous sommes des professionnels d\u00e9vou\u00e9s et enthousiastes, qui se soucient des autres et du monde dans lequel nous vivons. Nous sommes des collaborateurs \u00e0 l\u2019esprit ouvert. Nous sommes des voyageurs, des technologues, des raconteurs d\u2019histoires, des strat\u00e8ges, des militants, des organisateurs communautaires, des gobeurs de chiffres, des mordus de politique, des d\u00e9fenseurs de l\u2019environnement. Et [&hellip;]<\/p>\n","protected":false},"author":2,"featured_media":0,"parent":0,"menu_order":0,"comment_status":"closed","ping_status":"closed","template":"templates\/page-people.php","meta":{"footnotes":""},"class_list":["post-19386","page","type-page","status-publish","hentry"],"acf":[],"_links":{"self":[{"href":"https:\/\/communityfoundations.ca\/fr\/wp-json\/wp\/v2\/pages\/19386","targetHints":{"allow":["GET"]}}],"collection":[{"href":"https:\/\/communityfoundations.ca\/fr\/wp-json\/wp\/v2\/pages"}],"about":[{"href":"https:\/\/communityfoundations.ca\/fr\/wp-json\/wp\/v2\/types\/page"}],"author":[{"embeddable":true,"href":"https:\/\/communityfoundations.ca\/fr\/wp-json\/wp\/v2\/users\/2"}],"replies":[{"embeddable":true,"href":"https:\/\/communityfoundations.ca\/fr\/wp-json\/wp\/v2\/comments?post=19386"}],"version-history":[{"count":2,"href":"https:\/\/communityfoundations.ca\/fr\/wp-json\/wp\/v2\/pages\/19386\/revisions"}],"predecessor-version":[{"id":19552,"href":"https:\/\/communityfoundations.ca\/fr\/wp-json\/wp\/v2\/pages\/19386\/revisions\/19552"}],"wp:attachment":[{"href":"https:\/\/communityfoundations.ca\/fr\/wp-json\/wp\/v2\/media?parent=19386"}],"curies":[{"name":"wp","href":"https:\/\/api.w.org\/{rel}","templated":true}]}}