{"id":19429,"date":"2019-04-12T14:53:58","date_gmt":"2019-04-12T14:53:58","guid":{"rendered":"https:\/\/communityfoundations.ca\/resource-library\/"},"modified":"2025-11-04T12:36:16","modified_gmt":"2025-11-04T17:36:16","slug":"centre-de-ressources","status":"publish","type":"page","link":"https:\/\/communityfoundations.ca\/fr\/centre-de-ressources\/","title":{"rendered":"Centre de ressources"},"content":{"rendered":"\n<div class=\"wp-block-columns alignfull is-layout-flex wp-container-core-columns-is-layout-9d6595d7 wp-block-columns-is-layout-flex\">\n<div class=\"wp-block-column is-layout-flow wp-block-column-is-layout-flow\" style=\"flex-basis:33.33%\"><\/div>\n\n\n\n<div class=\"wp-block-column is-layout-flow wp-block-column-is-layout-flow\" style=\"flex-basis:66.66%\">\n<div class=\"wp-block-media-text alignwide is-stacked-on-mobile\"><figure class=\"wp-block-media-text__media\"><img loading=\"lazy\" decoding=\"async\" width=\"1024\" height=\"683\" src=\"https:\/\/communityfoundations.ca\/wp-content\/uploads\/2023\/03\/jason-goodman-bzqU01v-G54-unsplash-1024x683.jpg\" alt=\"\" class=\"wp-image-36988 size-full\" srcset=\"https:\/\/communityfoundations.ca\/wp-content\/uploads\/2023\/03\/jason-goodman-bzqU01v-G54-unsplash-1024x683.jpg 1024w, https:\/\/communityfoundations.ca\/wp-content\/uploads\/2023\/03\/jason-goodman-bzqU01v-G54-unsplash-300x200.jpg 300w, https:\/\/communityfoundations.ca\/wp-content\/uploads\/2023\/03\/jason-goodman-bzqU01v-G54-unsplash-768x512.jpg 768w, https:\/\/communityfoundations.ca\/wp-content\/uploads\/2023\/03\/jason-goodman-bzqU01v-G54-unsplash-1536x1024.jpg 1536w, https:\/\/communityfoundations.ca\/wp-content\/uploads\/2023\/03\/jason-goodman-bzqU01v-G54-unsplash-2048x1365.jpg 2048w\" sizes=\"auto, (max-width: 1024px) 100vw, 1024px\" \/><\/figure><div class=\"wp-block-media-text__content\">\n<p class=\"has-text-align-left\">Bienvenue \u00e0 notre centre de ressources! Que vous soyez un membre du personnel chevronn\u00e9 ou un nouveau membre du conseil d\u2019administration, l\u2019Institut de formation vous offre des opportunit\u00e9s de d\u00e9veloppement professionnel ainsi que des ressources d\u2019apprentissage adapt\u00e9es \u00e0 vos besoins. <\/p>\n\n\n\n<p class=\"has-text-align-left\">Nous aidons les leaders du secteur de la philanthropie communautaire \u00e0 identifier les tendances importantes, \u00e0 saisir les opportunit\u00e9s \u00e9mergentes, \u00e0 g\u00e9rer les risques de mani\u00e8re strat\u00e9gique et \u00e0 tirer profit des nouvelles technologies. Nous proposons des outils et des conseils pratiques, fond\u00e9s sur les plus r\u00e9centes recherches, et des occasions d\u2019apprentissage par l\u2019exp\u00e9rience pour vous aider, ainsi que votre fondation communautaire, \u00e0 atteindre vos objectifs.<\/p>\n<\/div><\/div>\n<\/div>\n<\/div>\n\n\n\n<div class=\"wp-block-columns is-layout-flex wp-container-core-columns-is-layout-9d6595d7 wp-block-columns-is-layout-flex\">\n<div class=\"wp-block-column is-layout-flow wp-block-column-is-layout-flow\" style=\"flex-basis:100%\">\n<div style=\"height:100px\" aria-hidden=\"true\" class=\"wp-block-spacer\"><\/div>\n<\/div>\n<\/div>\n\n\n\n<div class=\"wp-block-columns alignwide is-layout-flex wp-container-core-columns-is-layout-9d6595d7 wp-block-columns-is-layout-flex\">\n<div class=\"wp-block-column is-layout-flow wp-block-column-is-layout-flow\"><\/div>\n\n\n\n<div class=\"wp-block-column is-layout-flow wp-block-column-is-layout-flow\">\n<h2 class=\"wp-block-heading\">Vos principales ressources<\/h2>\n\n\n\n<div class=\"wp-block-buttons is-vertical is-content-justification-left is-layout-flex wp-container-core-buttons-is-layout-c0ca7d81 wp-block-buttons-is-layout-flex\">\n<div class=\"wp-block-button\"><a class=\"wp-block-button__link wp-element-button\" href=\"https:\/\/communityfoundations.ca\/fr\/principales-ressources-pour-ladministration-et-les-finances\/\" target=\"_blank\" rel=\"noreferrer noopener\">Administration et finances <\/a><\/div>\n<\/div>\n\n\n\n<div style=\"height:30px\" aria-hidden=\"true\" class=\"wp-block-spacer\"><\/div>\n\n\n\n<div class=\"wp-block-buttons is-layout-flex wp-block-buttons-is-layout-flex\">\n<div class=\"wp-block-button\"><a class=\"wp-block-button__link wp-element-button\" href=\"https:\/\/communityfoundations.ca\/fr\/principales-ressources-pour-lavenir-de-la-philanthropie\/\" target=\"_blank\" rel=\"noreferrer noopener\">Avenir de la philanthropie<\/a><\/div>\n<\/div>\n\n\n\n<div style=\"height:30px\" aria-hidden=\"true\" class=\"wp-block-spacer\"><\/div>\n\n\n\n<div class=\"wp-block-buttons is-layout-flex wp-block-buttons-is-layout-flex\">\n<div class=\"wp-block-button\"><a class=\"wp-block-button__link wp-element-button\" href=\"https:\/\/communityfoundations.ca\/fr\/principales-ressources-pour-laction-climatique\/\" target=\"_blank\" rel=\"noreferrer noopener\">Changements climatiques<\/a><\/div>\n<\/div>\n\n\n\n<div style=\"height:30px\" aria-hidden=\"true\" class=\"wp-block-spacer\"><\/div>\n\n\n\n<div class=\"wp-block-buttons is-layout-flex wp-block-buttons-is-layout-flex\">\n<div class=\"wp-block-button\"><a class=\"wp-block-button__link wp-element-button\" href=\"https:\/\/communityfoundations.ca\/fr\/principales-ressources-pour-le-developpement-de-fonds\/\" target=\"_blank\" rel=\"noreferrer noopener\">D\u00e9veloppement de fonds<\/a><\/div>\n<\/div>\n\n\n\n<div style=\"height:30px\" aria-hidden=\"true\" class=\"wp-block-spacer\"><\/div>\n\n\n\n<div class=\"wp-block-buttons is-layout-flex wp-block-buttons-is-layout-flex\">\n<div class=\"wp-block-button\"><a class=\"wp-block-button__link wp-element-button\" href=\"https:\/\/communityfoundations.ca\/fr\/governance-and-policies-top-resources-page\/\" target=\"_blank\" rel=\"noreferrer noopener\">Gouvernance et politiques<\/a><\/div>\n<\/div>\n\n\n\n<div style=\"height:30px\" aria-hidden=\"true\" class=\"wp-block-spacer\"><\/div>\n\n\n\n<div class=\"wp-block-buttons is-layout-flex wp-block-buttons-is-layout-flex\">\n<div class=\"wp-block-button\"><a class=\"wp-block-button__link wp-element-button\" href=\"https:\/\/communityfoundations.ca\/fr\/principales-ressources-pour-linvestissement-dimpact\/\" target=\"_blank\" rel=\"noreferrer noopener\">Investissement \u00e0 retomb\u00e9es sociales<\/a><\/div>\n<\/div>\n\n\n\n<div style=\"height:30px\" aria-hidden=\"true\" class=\"wp-block-spacer\"><\/div>\n\n\n\n<div class=\"wp-block-buttons is-layout-flex wp-block-buttons-is-layout-flex\">\n<div class=\"wp-block-button\"><a class=\"wp-block-button__link wp-element-button\" href=\"https:\/\/communityfoundations.ca\/fr\/principales-ressources-pour-les-odd\/\" target=\"_blank\" rel=\"noreferrer noopener\">Les ODD <\/a><\/div>\n<\/div>\n\n\n\n<div style=\"height:30px\" aria-hidden=\"true\" class=\"wp-block-spacer\"><\/div>\n\n\n\n<div class=\"wp-block-buttons is-layout-flex wp-block-buttons-is-layout-flex\">\n<div class=\"wp-block-button\"><a class=\"wp-block-button__link wp-element-button\" href=\"https:\/\/communityfoundations.ca\/fr\/principales-ressources-pour-les-communications-et-le-marketing\/\" target=\"_blank\" rel=\"noreferrer noopener\">Marketing et communications<\/a><\/div>\n<\/div>\n\n\n\n<div style=\"height:30px\" aria-hidden=\"true\" class=\"wp-block-spacer\"><\/div>\n\n\n\n<div class=\"wp-block-buttons is-layout-flex wp-block-buttons-is-layout-flex\">\n<div class=\"wp-block-button\"><a class=\"wp-block-button__link wp-element-button\" href=\"https:\/\/communityfoundations.ca\/fr\/principales-ressources-pour-subventionnement\/\" target=\"_blank\" rel=\"noreferrer noopener\">Subventionnement <\/a><\/div>\n<\/div>\n<\/div>\n\n\n\n<div class=\"wp-block-column is-layout-flow wp-block-column-is-layout-flow\">\n<h2 class=\"wp-block-heading\">Ressources en vedette<\/h2>\n\n\n\n<figure class=\"wp-block-image size-full\"><a href=\"https:\/\/communityfoundations.ca\/fiche-outil-points-a-considerer-en-matiere-de-changements-climatiques\/\" target=\"_blank\" rel=\"noreferrer noopener\"><img loading=\"lazy\" decoding=\"async\" width=\"406\" height=\"165\" src=\"https:\/\/communityfoundations.ca\/wp-content\/uploads\/2024\/04\/Resource-Page-Buttons-6.png\" alt=\"\" class=\"wp-image-41230\" srcset=\"https:\/\/communityfoundations.ca\/wp-content\/uploads\/2024\/04\/Resource-Page-Buttons-6.png 406w, https:\/\/communityfoundations.ca\/wp-content\/uploads\/2024\/04\/Resource-Page-Buttons-6-300x122.png 300w\" sizes=\"auto, (max-width: 406px) 100vw, 406px\" \/><\/a><\/figure>\n\n\n\n<div style=\"height:75px\" aria-hidden=\"true\" class=\"wp-block-spacer\"><\/div>\n\n\n\n<figure class=\"wp-block-image size-full\"><a href=\"https:\/\/www.youtube.com\/watch?v=sXqehEGhd64\" target=\"_blank\" rel=\"noreferrer noopener\"><img loading=\"lazy\" decoding=\"async\" width=\"406\" height=\"165\" src=\"https:\/\/communityfoundations.ca\/wp-content\/uploads\/2024\/04\/Resource-Page-Buttons-5.png\" alt=\"\" class=\"wp-image-41228\" srcset=\"https:\/\/communityfoundations.ca\/wp-content\/uploads\/2024\/04\/Resource-Page-Buttons-5.png 406w, https:\/\/communityfoundations.ca\/wp-content\/uploads\/2024\/04\/Resource-Page-Buttons-5-300x122.png 300w\" sizes=\"auto, (max-width: 406px) 100vw, 406px\" \/><\/a><\/figure>\n\n\n\n<div style=\"height:75px\" aria-hidden=\"true\" class=\"wp-block-spacer\"><\/div>\n\n\n\n<figure class=\"wp-block-image size-full\"><a href=\"https:\/\/communityfoundations.ca\/wp-content\/uploads\/2021\/08\/Community-Foundations-of-Canada-CYBERSECURITY-AND-PRIVACY-AUG-2024_FR.docx.pdf\" target=\"_blank\" rel=\"noreferrer noopener\"><img loading=\"lazy\" decoding=\"async\" width=\"406\" height=\"165\" src=\"https:\/\/communityfoundations.ca\/wp-content\/uploads\/2024\/10\/Resource-Page-Buttons-8.png\" alt=\"\" class=\"wp-image-42723\" srcset=\"https:\/\/communityfoundations.ca\/wp-content\/uploads\/2024\/10\/Resource-Page-Buttons-8.png 406w, https:\/\/communityfoundations.ca\/wp-content\/uploads\/2024\/10\/Resource-Page-Buttons-8-300x122.png 300w\" sizes=\"auto, (max-width: 406px) 100vw, 406px\" \/><\/a><\/figure>\n<\/div>\n<\/div>\n","protected":false},"excerpt":{"rendered":"<p>Bienvenue \u00e0 notre centre de ressources! Que vous soyez un membre du personnel chevronn\u00e9 ou un nouveau membre du conseil d\u2019administration, l\u2019Institut de formation vous offre des opportunit\u00e9s de d\u00e9veloppement professionnel ainsi que des ressources d\u2019apprentissage adapt\u00e9es \u00e0 vos besoins. Nous aidons les leaders du secteur de la philanthropie communautaire \u00e0 identifier les tendances importantes, [&hellip;]<\/p>\n","protected":false},"author":2,"featured_media":0,"parent":0,"menu_order":0,"comment_status":"closed","ping_status":"closed","template":"templates\/page-resource-library.php","meta":{"footnotes":""},"class_list":["post-19429","page","type-page","status-publish","hentry"],"acf":[],"_links":{"self":[{"href":"https:\/\/communityfoundations.ca\/fr\/wp-json\/wp\/v2\/pages\/19429","targetHints":{"allow":["GET"]}}],"collection":[{"href":"https:\/\/communityfoundations.ca\/fr\/wp-json\/wp\/v2\/pages"}],"about":[{"href":"https:\/\/communityfoundations.ca\/fr\/wp-json\/wp\/v2\/types\/page"}],"author":[{"embeddable":true,"href":"https:\/\/communityfoundations.ca\/fr\/wp-json\/wp\/v2\/users\/2"}],"replies":[{"embeddable":true,"href":"https:\/\/communityfoundations.ca\/fr\/wp-json\/wp\/v2\/comments?post=19429"}],"version-history":[{"count":10,"href":"https:\/\/communityfoundations.ca\/fr\/wp-json\/wp\/v2\/pages\/19429\/revisions"}],"predecessor-version":[{"id":45763,"href":"https:\/\/communityfoundations.ca\/fr\/wp-json\/wp\/v2\/pages\/19429\/revisions\/45763"}],"wp:attachment":[{"href":"https:\/\/communityfoundations.ca\/fr\/wp-json\/wp\/v2\/media?parent=19429"}],"curies":[{"name":"wp","href":"https:\/\/api.w.org\/{rel}","templated":true}]}}