{"id":19448,"date":"2019-05-15T13:40:48","date_gmt":"2019-05-15T17:40:48","guid":{"rendered":"https:\/\/communityfoundations.ca\/?page_id=19448"},"modified":"2019-05-21T10:47:45","modified_gmt":"2019-05-21T14:47:45","slug":"nos-initiatives-antecedentes","status":"publish","type":"page","link":"https:\/\/communityfoundations.ca\/fr\/nos-initiatives-antecedentes\/","title":{"rendered":"Initiatives pr\u00e9c\u00e9dentes"},"content":{"rendered":"\n<p>Au cours des derni\u00e8res ann\u00e9es, nous avons men\u00e9 \u00e0 bien et finalis\u00e9  plusieurs initiatives nationales en collaboration avec des fondations communautaires et d&rsquo;autres partenaires \u00e0 travers le pays.<\/p>\n","protected":false},"excerpt":{"rendered":"<p>Au cours des derni\u00e8res ann\u00e9es, nous avons men\u00e9 \u00e0 bien et finalis\u00e9 plusieurs initiatives nationales en collaboration avec des fondations communautaires et d&rsquo;autres partenaires \u00e0 travers le pays.<\/p>\n","protected":false},"author":2,"featured_media":0,"parent":0,"menu_order":0,"comment_status":"closed","ping_status":"closed","template":"templates\/page-initiatives-past.php","meta":{"footnotes":""},"class_list":["post-19448","page","type-page","status-publish","hentry"],"acf":[],"_links":{"self":[{"href":"https:\/\/communityfoundations.ca\/fr\/wp-json\/wp\/v2\/pages\/19448","targetHints":{"allow":["GET"]}}],"collection":[{"href":"https:\/\/communityfoundations.ca\/fr\/wp-json\/wp\/v2\/pages"}],"about":[{"href":"https:\/\/communityfoundations.ca\/fr\/wp-json\/wp\/v2\/types\/page"}],"author":[{"embeddable":true,"href":"https:\/\/communityfoundations.ca\/fr\/wp-json\/wp\/v2\/users\/2"}],"replies":[{"embeddable":true,"href":"https:\/\/communityfoundations.ca\/fr\/wp-json\/wp\/v2\/comments?post=19448"}],"version-history":[{"count":2,"href":"https:\/\/communityfoundations.ca\/fr\/wp-json\/wp\/v2\/pages\/19448\/revisions"}],"predecessor-version":[{"id":20344,"href":"https:\/\/communityfoundations.ca\/fr\/wp-json\/wp\/v2\/pages\/19448\/revisions\/20344"}],"wp:attachment":[{"href":"https:\/\/communityfoundations.ca\/fr\/wp-json\/wp\/v2\/media?parent=19448"}],"curies":[{"name":"wp","href":"https:\/\/api.w.org\/{rel}","templated":true}]}}