{"id":20399,"date":"2019-05-21T14:18:01","date_gmt":"2019-05-21T18:18:01","guid":{"rendered":"https:\/\/communityfoundations.ca\/?page_id=20399"},"modified":"2023-11-15T09:32:27","modified_gmt":"2023-11-15T14:32:27","slug":"trouver-une-fondation-communautaire","status":"publish","type":"page","link":"https:\/\/communityfoundations.ca\/fr\/trouver-une-fondation-communautaire\/","title":{"rendered":"Fondations communautaires locales"},"content":{"rendered":"\n<p>Dans plus de 200 communaut\u00e9s, les fondations communautaires aident \u00e0 orienter les efforts des b\u00e9n\u00e9voles et les appuis financiers de fa\u00e7on \u00e0 maximiser l\u2019impact.\u00a0<\/p>\n\n\n\n<p>Communiquez avec votre fondation communautaire locale pour conna\u00eetre son r\u00f4le important et savoir comment vous pouvez contribuer \u00e0 faire de votre communaut\u00e9 un meilleur milieu de vie.<\/p>\n\n\n\n<p><em>Veuillez noter que les fondations communautaires peuvent avoir d\u2019autres actifs ou soutiens pour les communaut\u00e9s qui ne figurent pas sur la carte.<\/em><\/p>\n","protected":false},"excerpt":{"rendered":"<p>Dans plus de 200 communaut\u00e9s, les fondations communautaires aident \u00e0 orienter les efforts des b\u00e9n\u00e9voles et les appuis financiers de fa\u00e7on \u00e0 maximiser l\u2019impact.\u00a0 Communiquez avec votre fondation communautaire locale pour conna\u00eetre son r\u00f4le important et savoir comment vous pouvez contribuer \u00e0 faire de votre communaut\u00e9 un meilleur milieu de vie. Veuillez noter que les [&hellip;]<\/p>\n","protected":false},"author":2,"featured_media":0,"parent":0,"menu_order":0,"comment_status":"closed","ping_status":"closed","template":"templates\/page-foundation-finder.php","meta":{"footnotes":""},"class_list":["post-20399","page","type-page","status-publish","hentry"],"acf":[],"_links":{"self":[{"href":"https:\/\/communityfoundations.ca\/fr\/wp-json\/wp\/v2\/pages\/20399","targetHints":{"allow":["GET"]}}],"collection":[{"href":"https:\/\/communityfoundations.ca\/fr\/wp-json\/wp\/v2\/pages"}],"about":[{"href":"https:\/\/communityfoundations.ca\/fr\/wp-json\/wp\/v2\/types\/page"}],"author":[{"embeddable":true,"href":"https:\/\/communityfoundations.ca\/fr\/wp-json\/wp\/v2\/users\/2"}],"replies":[{"embeddable":true,"href":"https:\/\/communityfoundations.ca\/fr\/wp-json\/wp\/v2\/comments?post=20399"}],"version-history":[{"count":4,"href":"https:\/\/communityfoundations.ca\/fr\/wp-json\/wp\/v2\/pages\/20399\/revisions"}],"predecessor-version":[{"id":39833,"href":"https:\/\/communityfoundations.ca\/fr\/wp-json\/wp\/v2\/pages\/20399\/revisions\/39833"}],"wp:attachment":[{"href":"https:\/\/communityfoundations.ca\/fr\/wp-json\/wp\/v2\/media?parent=20399"}],"curies":[{"name":"wp","href":"https:\/\/api.w.org\/{rel}","templated":true}]}}