{"id":22564,"date":"2019-09-20T13:03:37","date_gmt":"2019-09-20T17:03:37","guid":{"rendered":"https:\/\/communityfoundations.ca\/?page_id=22564"},"modified":"2019-09-20T13:03:38","modified_gmt":"2019-09-20T17:03:38","slug":"rapports-anterieurs","status":"publish","type":"page","link":"https:\/\/communityfoundations.ca\/fr\/rapports-anterieurs\/","title":{"rendered":"Rapports ant\u00e9rieurs"},"content":{"rendered":"\n<p>Le programme Signes Vitaux est riche en histoire, tant sur le plan national qu\u2019international. Les rapports ant\u00e9rieurs constituent une source de donn\u00e9es importante pour les chercheurs, les analystes et les organisations. Ces rapports ont trait\u00e9 de th\u00e8mes et de tendances aussi vari\u00e9s que la s\u00e9curit\u00e9 alimentaire, les enjeux et d\u00e9fis de la jeunesse canadienne et le r\u00f4le des arts et des sports dans le d\u00e9veloppement d\u2019un sentiment d\u2019appartenance. Ici comme ailleurs, Signes Vitaux s\u2019int\u00e9resse aux enjeux les plus importants des communaut\u00e9s.<\/p>\n\n\n\n<p>Les rapports ant\u00e9rieurs (jusqu\u2019\u00e0 2014) sont disponibles dans la section suivante. \u00c0 la recherche de rapports ant\u00e9rieurs \u00e0 2014? Communiquez avec notre \u00e9quipe pour plus d\u2019information.<\/p>\n\n\n\n<p><br><\/p>\n","protected":false},"excerpt":{"rendered":"<p>Le programme Signes Vitaux est riche en histoire, tant sur le plan national qu\u2019international. Les rapports ant\u00e9rieurs constituent une source de donn\u00e9es importante pour les chercheurs, les analystes et les organisations. Ces rapports ont trait\u00e9 de th\u00e8mes et de tendances aussi vari\u00e9s que la s\u00e9curit\u00e9 alimentaire, les enjeux et d\u00e9fis de la jeunesse canadienne et [&hellip;]<\/p>\n","protected":false},"author":2,"featured_media":0,"parent":0,"menu_order":0,"comment_status":"closed","ping_status":"closed","template":"templates\/vital-signs-past.php","meta":{"footnotes":""},"class_list":["post-22564","page","type-page","status-publish","hentry"],"acf":[],"_links":{"self":[{"href":"https:\/\/communityfoundations.ca\/fr\/wp-json\/wp\/v2\/pages\/22564","targetHints":{"allow":["GET"]}}],"collection":[{"href":"https:\/\/communityfoundations.ca\/fr\/wp-json\/wp\/v2\/pages"}],"about":[{"href":"https:\/\/communityfoundations.ca\/fr\/wp-json\/wp\/v2\/types\/page"}],"author":[{"embeddable":true,"href":"https:\/\/communityfoundations.ca\/fr\/wp-json\/wp\/v2\/users\/2"}],"replies":[{"embeddable":true,"href":"https:\/\/communityfoundations.ca\/fr\/wp-json\/wp\/v2\/comments?post=22564"}],"version-history":[{"count":1,"href":"https:\/\/communityfoundations.ca\/fr\/wp-json\/wp\/v2\/pages\/22564\/revisions"}],"predecessor-version":[{"id":22654,"href":"https:\/\/communityfoundations.ca\/fr\/wp-json\/wp\/v2\/pages\/22564\/revisions\/22654"}],"wp:attachment":[{"href":"https:\/\/communityfoundations.ca\/fr\/wp-json\/wp\/v2\/media?parent=22564"}],"curies":[{"name":"wp","href":"https:\/\/api.w.org\/{rel}","templated":true}]}}