{"id":34564,"date":"2022-08-17T13:49:27","date_gmt":"2022-08-17T17:49:27","guid":{"rendered":"https:\/\/communityfoundations.ca\/find-a-community-foundation-map\/"},"modified":"2025-06-16T16:54:24","modified_gmt":"2025-06-16T20:54:24","slug":"trouver-une-fondation-communautaire-carte","status":"publish","type":"page","link":"https:\/\/communityfoundations.ca\/fr\/trouver-une-fondation-communautaire-carte\/","title":{"rendered":"Fondations communautaires locales"},"content":{"rendered":"\n<p>Dans plus de 200 communaut\u00e9s, les fondations communautaires am\u00e9liorent le bien-\u00eatre de la population locale. Elles consultent les membres des communaut\u00e9s, communiquent r\u00e9guli\u00e8rement avec eux ainsi qu\u2019avec les intervenants cl\u00e9s et tiennent compte de points de vue diversifi\u00e9s afin d\u2019orienter les d\u00e9cisions \u00e0 l\u2019\u00e9chelle locale. Elles mettent en place des solutions pour faire face aux enjeux les plus importants pour les communaut\u00e9s en s&rsquo;appuyant sur leurs connaissances du terrain, leurs relations, les donn\u00e9es communautaires, le d\u00e9veloppement de fonds, l\u2019investissement \u00e0 retomb\u00e9es sociales et l\u2019octroi de subventions.\u00a0<\/p>\n\n\n\n<p>Communiquez avec votre fondation communautaire locale pour conna\u00eetre son r\u00f4le important et savoir comment vous pouvez apporter votre contribution \u00e0 la communaut\u00e9 et y participer.<\/p>\n\n\n\n<p><em>Veuillez noter que les fondations communautaires peuvent avoir d\u2019autres actifs ou soutiens pour les communaut\u00e9s qui ne figurent pas sur la carte.<\/em><\/p>\n\n\n\n<div style=\"height:85px\" aria-hidden=\"true\" class=\"wp-block-spacer\"><\/div>\n\n\n\n<div id=\"embed-map-block_e1b3ed43cf12d3f21b55ba8ae4dbaeeb-container\">\n\t<div id=\"embed-map-block_e1b3ed43cf12d3f21b55ba8ae4dbaeeb\" class=\"embed-map\" onClick=\"enableMapControls();\">\n\t\t<iframe frameborder=\"0\" src=\"https:\/\/www.arcgis.com\/apps\/dashboards\/5ff02186150c450891d662d9cf59070e\" allowfullscreen webkitallowfullscreen mozallowfullscreen oallowfullscreen msallowfullscreen><\/iframe>\n\t<\/div>\n<\/div>\n<style type=\"text\/css\">\n\t#embed-map-block_e1b3ed43cf12d3f21b55ba8ae4dbaeeb-container {\n\t\tposition: relative;\n\t}\n\t#embed-map-block_e1b3ed43cf12d3f21b55ba8ae4dbaeeb {\n\t\twidth: 100vw;\n\t\theight: 726px;\n\t\tposition: relative;\n\t\tleft: 50%;\n\t\tright: 50%;\n\t\tpadding: 0;\n\t\tmargin-left: -50vw;\n\t\tmargin-right: -50vw;\n\t}\n\t#embed-map-block_e1b3ed43cf12d3f21b55ba8ae4dbaeeb iframe {\n\t\tposition: absolute;\n\t\ttop: 0;\n\t\tleft: 0;\n\t\tbottom: 0;\n\t\twidth: 100%;\n\t\theight: 100%;\n\t\tborder: 0;\n\t\tmargin: 0;\n\t\tpadding: 0;\n\t}\n<\/style>\n","protected":false},"excerpt":{"rendered":"<p>Dans plus de 200 communaut\u00e9s, les fondations communautaires am\u00e9liorent le bien-\u00eatre de la population locale. Elles consultent les membres des communaut\u00e9s, communiquent r\u00e9guli\u00e8rement avec eux ainsi qu\u2019avec les intervenants cl\u00e9s et tiennent compte de points de vue diversifi\u00e9s afin d\u2019orienter les d\u00e9cisions \u00e0 l\u2019\u00e9chelle locale. Elles mettent en place des solutions pour faire face aux [&hellip;]<\/p>\n","protected":false},"author":9,"featured_media":0,"parent":0,"menu_order":0,"comment_status":"closed","ping_status":"closed","template":"","meta":{"footnotes":""},"class_list":["post-34564","page","type-page","status-publish","hentry"],"acf":[],"_links":{"self":[{"href":"https:\/\/communityfoundations.ca\/fr\/wp-json\/wp\/v2\/pages\/34564","targetHints":{"allow":["GET"]}}],"collection":[{"href":"https:\/\/communityfoundations.ca\/fr\/wp-json\/wp\/v2\/pages"}],"about":[{"href":"https:\/\/communityfoundations.ca\/fr\/wp-json\/wp\/v2\/types\/page"}],"author":[{"embeddable":true,"href":"https:\/\/communityfoundations.ca\/fr\/wp-json\/wp\/v2\/users\/9"}],"replies":[{"embeddable":true,"href":"https:\/\/communityfoundations.ca\/fr\/wp-json\/wp\/v2\/comments?post=34564"}],"version-history":[{"count":8,"href":"https:\/\/communityfoundations.ca\/fr\/wp-json\/wp\/v2\/pages\/34564\/revisions"}],"predecessor-version":[{"id":45206,"href":"https:\/\/communityfoundations.ca\/fr\/wp-json\/wp\/v2\/pages\/34564\/revisions\/45206"}],"wp:attachment":[{"href":"https:\/\/communityfoundations.ca\/fr\/wp-json\/wp\/v2\/media?parent=34564"}],"curies":[{"name":"wp","href":"https:\/\/api.w.org\/{rel}","templated":true}]}}