{"id":37643,"date":"2023-04-12T14:39:25","date_gmt":"2023-04-12T18:39:25","guid":{"rendered":"https:\/\/communityfoundations.ca\/?page_id=37643"},"modified":"2024-01-24T10:41:51","modified_gmt":"2024-01-24T15:41:51","slug":"principales-ressources-pour-linvestissement-dimpact","status":"publish","type":"page","link":"https:\/\/communityfoundations.ca\/fr\/principales-ressources-pour-linvestissement-dimpact\/","title":{"rendered":""},"content":{"rendered":"\n<h2 class=\"wp-block-heading\">Principales ressources pour l\u2019investissement \u00e0 retomb\u00e9es sociales<\/h2>\n\n\n\n<h3 class=\"wp-block-heading\">Investir pour cr\u00e9er l&rsquo;inclusion sociale et \u00e9conomique.<\/h3>\n\n\n\n<div id=\"text-block-block_e3473490bd51c258fee50a31de9a0c3c\" class=\"text-block background-enabled\">\n    <p>En faisant de l\u2019investissement un outil de changement positif, au m\u00eame titre que les subventions et les programmes, vous et d\u2019autres fondations pouvez maximiser votre capacit\u00e9 \u00e0 influencer le changement. Des fondations, grandes et petites, le font d\u00e9j\u00e0 aux quatre coins du pays. Mais il faut qu\u2019elles soient plus nombreuses.<\/p>\n<\/div>\n<style type=\"text\/css\">\n\t#text-block-block_e3473490bd51c258fee50a31de9a0c3c {\n\t\tmargin: 45px 0;\n\t}\n\t#text-block-block_e3473490bd51c258fee50a31de9a0c3c.background-enabled {\n\t\tbackground-color: #e7407a;\n\t\tpadding: 30px;\n\t}\n\t#text-block-block_e3473490bd51c258fee50a31de9a0c3c,\n\t#text-block-block_e3473490bd51c258fee50a31de9a0c3c a,\n\t#text-block-block_e3473490bd51c258fee50a31de9a0c3c p,\n\t#text-block-block_e3473490bd51c258fee50a31de9a0c3c h4 {\n\t\tcolor: #fff;\n\t}\n\t#text-block-block_e3473490bd51c258fee50a31de9a0c3c li {\n\t\tmargin-bottom: 0;\n\t}\n\t@media (min-width: 768px) {\n\t\t#text-block-block_e3473490bd51c258fee50a31de9a0c3c.background-enabled {\n\t\t\tpadding: 60px;\n\t\t}\n\t}\n<\/style>\n<script>\n\tjQuery('#text-block-block_e3473490bd51c258fee50a31de9a0c3c p, #text-block-block_e3473490bd51c258fee50a31de9a0c3c li').attr(\"data-aos\", \"fade-up\");\n<\/script>\n\n\n\n<div class=\"wp-block-columns is-layout-flex wp-container-core-columns-is-layout-9d6595d7 wp-block-columns-is-layout-flex\">\n<div class=\"wp-block-column is-layout-flow wp-block-column-is-layout-flow\">\n<figure class=\"wp-block-image size-large\"><a href=\"https:\/\/communityfoundations.ca\/wp-content\/uploads\/2019\/04\/FR-FINAL-Impact-Investing-Guidebook.pdf\"><img loading=\"lazy\" decoding=\"async\" width=\"1024\" height=\"683\" src=\"https:\/\/communityfoundations.ca\/wp-content\/uploads\/2023\/04\/krakenimages-376KN_ISplE-unsplash-1-1024x683.jpg\" alt=\"\" class=\"wp-image-37439\" srcset=\"https:\/\/communityfoundations.ca\/wp-content\/uploads\/2023\/04\/krakenimages-376KN_ISplE-unsplash-1-1024x683.jpg 1024w, https:\/\/communityfoundations.ca\/wp-content\/uploads\/2023\/04\/krakenimages-376KN_ISplE-unsplash-1-300x200.jpg 300w, https:\/\/communityfoundations.ca\/wp-content\/uploads\/2023\/04\/krakenimages-376KN_ISplE-unsplash-1-768x512.jpg 768w, https:\/\/communityfoundations.ca\/wp-content\/uploads\/2023\/04\/krakenimages-376KN_ISplE-unsplash-1-1536x1024.jpg 1536w, https:\/\/communityfoundations.ca\/wp-content\/uploads\/2023\/04\/krakenimages-376KN_ISplE-unsplash-1-2048x1365.jpg 2048w\" sizes=\"auto, (max-width: 1024px) 100vw, 1024px\" \/><\/a><figcaption class=\"wp-element-caption\"><a href=\"https:\/\/communityfoundations.ca\/wp-content\/uploads\/2019\/04\/FR-FINAL-Impact-Investing-Guidebook.pdf\"><strong>Renforcer la communaut\u00e9 et le bien-\u00eatre social gr\u00e2ce \u00e0 l\u2019investissement \u00e0 retomb\u00e9es sociales : Un guide \u00e0 l\u2019intention des fondations canadiennes<\/strong> <br><\/a>Les fondations d\u00e9tenaient environ 123 milliards de dollars d\u2019actifs en 2020*. La plupart de ces fonds sont investis de mani\u00e8re traditionnelle, sans tenir compte des r\u00e9sultats sociaux et environnementaux. Imaginez cependant les retomb\u00e9es positives qui r\u00e9sulteraient de l\u2019investissement de la plupart de ces actifs dans des soci\u00e9t\u00e9s et des entreprises sociales porteuses de changement positif. Investir avec l\u2019intention de privil\u00e9gier des r\u00e9sultats positifs est une approche prudente et \u00e9prouv\u00e9e qui peut renforcer les fondations tout en contribuant \u00e0 l\u2019am\u00e9lioration du monde. <\/figcaption><\/figure>\n\n\n\n<div style=\"height:50px\" aria-hidden=\"true\" class=\"wp-block-spacer\"><\/div>\n<\/div>\n\n\n\n<div class=\"wp-block-column is-layout-flow wp-block-column-is-layout-flow\">\n<figure class=\"wp-block-image size-large\"><a href=\"https:\/\/communityfoundations.ca\/wp-content\/uploads\/2021\/10\/Fiche-Outil_-Travailler-avec-les-gestionnaires-de-placements-1.pdf\"><img loading=\"lazy\" decoding=\"async\" width=\"1024\" height=\"684\" src=\"https:\/\/communityfoundations.ca\/wp-content\/uploads\/2023\/01\/christina-wocintechchat-com-VpcgTEKerEQ-unsplash-1024x684.jpg\" alt=\"\" class=\"wp-image-36529\" srcset=\"https:\/\/communityfoundations.ca\/wp-content\/uploads\/2023\/01\/christina-wocintechchat-com-VpcgTEKerEQ-unsplash-1024x684.jpg 1024w, https:\/\/communityfoundations.ca\/wp-content\/uploads\/2023\/01\/christina-wocintechchat-com-VpcgTEKerEQ-unsplash-300x200.jpg 300w, https:\/\/communityfoundations.ca\/wp-content\/uploads\/2023\/01\/christina-wocintechchat-com-VpcgTEKerEQ-unsplash-768x513.jpg 768w, https:\/\/communityfoundations.ca\/wp-content\/uploads\/2023\/01\/christina-wocintechchat-com-VpcgTEKerEQ-unsplash-1536x1025.jpg 1536w, https:\/\/communityfoundations.ca\/wp-content\/uploads\/2023\/01\/christina-wocintechchat-com-VpcgTEKerEQ-unsplash-2048x1367.jpg 2048w\" sizes=\"auto, (max-width: 1024px) 100vw, 1024px\" \/><\/a><figcaption class=\"wp-element-caption\"><a href=\"https:\/\/communityfoundations.ca\/wp-content\/uploads\/2021\/10\/Fiche-Outil_-Travailler-avec-les-gestionnaires-de-placements-1.pdf\"><strong>Fiche outil : Travailler avec les gestionnaires de placements<\/strong>  <br><\/a>\u00c9valuation des gestionnaires de placements : Les discussions avec votre gestionnaire de placements vous aideront \u00e0 \u00e9valuer dans quelle mesure il ou elle prend en compte l\u2019\u00e9galit\u00e9 des genres dans son analyse de placement, ainsi que ses pratiques, points de vue, expertise et objectifs actuels au chapitre de l\u2019IOG. Ces discussions pourront avoir lieu dans le cadre du recrutement d\u2019un ou d\u2019une gestionnaire de placements ou lors de l\u2019examen p\u00e9riodique d\u2019une relation en cours.<\/figcaption><\/figure>\n\n\n\n<div style=\"height:50px\" aria-hidden=\"true\" class=\"wp-block-spacer\"><\/div>\n\n\n\n<figure class=\"wp-block-image size-large is-resized\"><a href=\"https:\/\/www.youtube.com\/watch?v=EVQUKOY9SRs\"><img loading=\"lazy\" decoding=\"async\" width=\"1024\" height=\"683\" src=\"https:\/\/communityfoundations.ca\/wp-content\/uploads\/2023\/04\/microsoft-365-FHhbHW4vFxc-unsplash-1024x683.jpg\" alt=\"\" class=\"wp-image-37408\" style=\"width:361px;height:auto\" srcset=\"https:\/\/communityfoundations.ca\/wp-content\/uploads\/2023\/04\/microsoft-365-FHhbHW4vFxc-unsplash-1024x683.jpg 1024w, https:\/\/communityfoundations.ca\/wp-content\/uploads\/2023\/04\/microsoft-365-FHhbHW4vFxc-unsplash-300x200.jpg 300w, https:\/\/communityfoundations.ca\/wp-content\/uploads\/2023\/04\/microsoft-365-FHhbHW4vFxc-unsplash-768x512.jpg 768w, https:\/\/communityfoundations.ca\/wp-content\/uploads\/2023\/04\/microsoft-365-FHhbHW4vFxc-unsplash-1536x1024.jpg 1536w, https:\/\/communityfoundations.ca\/wp-content\/uploads\/2023\/04\/microsoft-365-FHhbHW4vFxc-unsplash-2048x1365.jpg 2048w\" sizes=\"auto, (max-width: 1024px) 100vw, 1024px\" \/><\/a><figcaption class=\"wp-element-caption\"><a href=\"https:\/\/www.youtube.com\/watch?v=EVQUKOY9SRs\"><strong>L\u2019investissement dans une optique du genre pour des conseils d\u2019administration<\/strong> <br><\/a>Au cours du printemps 2021, FCC a offert une s\u00e9rie d\u2019ateliers pour les leaders de la cohorte de communaut\u00e9s pour l\u2019\u00e9galit\u00e9 des genres, afin de soutenir leur formation sur l\u2019investissement dans une optique de genre. Ces ateliers ont \u00e9t\u00e9 cr\u00e9\u00e9s dans un but d\u2019apprentissage et de soutien technique.<\/figcaption><\/figure>\n\n\n\n<div style=\"height:67px\" aria-hidden=\"true\" class=\"wp-block-spacer\"><\/div>\n\n\n\n<div style=\"height:4px\" aria-hidden=\"true\" class=\"wp-block-spacer\"><\/div>\n<\/div>\n<\/div>\n","protected":false},"excerpt":{"rendered":"<p>Principales ressources pour l\u2019investissement \u00e0 retomb\u00e9es sociales Investir pour cr\u00e9er l&rsquo;inclusion sociale et \u00e9conomique.<\/p>\n","protected":false},"author":9,"featured_media":0,"parent":0,"menu_order":0,"comment_status":"closed","ping_status":"closed","template":"","meta":{"footnotes":""},"class_list":["post-37643","page","type-page","status-publish","hentry"],"acf":[],"_links":{"self":[{"href":"https:\/\/communityfoundations.ca\/fr\/wp-json\/wp\/v2\/pages\/37643","targetHints":{"allow":["GET"]}}],"collection":[{"href":"https:\/\/communityfoundations.ca\/fr\/wp-json\/wp\/v2\/pages"}],"about":[{"href":"https:\/\/communityfoundations.ca\/fr\/wp-json\/wp\/v2\/types\/page"}],"author":[{"embeddable":true,"href":"https:\/\/communityfoundations.ca\/fr\/wp-json\/wp\/v2\/users\/9"}],"replies":[{"embeddable":true,"href":"https:\/\/communityfoundations.ca\/fr\/wp-json\/wp\/v2\/comments?post=37643"}],"version-history":[{"count":6,"href":"https:\/\/communityfoundations.ca\/fr\/wp-json\/wp\/v2\/pages\/37643\/revisions"}],"predecessor-version":[{"id":40398,"href":"https:\/\/communityfoundations.ca\/fr\/wp-json\/wp\/v2\/pages\/37643\/revisions\/40398"}],"wp:attachment":[{"href":"https:\/\/communityfoundations.ca\/fr\/wp-json\/wp\/v2\/media?parent=37643"}],"curies":[{"name":"wp","href":"https:\/\/api.w.org\/{rel}","templated":true}]}}