{"id":37646,"date":"2023-04-12T15:08:49","date_gmt":"2023-04-12T19:08:49","guid":{"rendered":"https:\/\/communityfoundations.ca\/?page_id=37646"},"modified":"2024-10-29T09:59:37","modified_gmt":"2024-10-29T13:59:37","slug":"principales-ressources-pour-subventionnement","status":"publish","type":"page","link":"https:\/\/communityfoundations.ca\/fr\/principales-ressources-pour-subventionnement\/","title":{"rendered":""},"content":{"rendered":"\n<h2 class=\"wp-block-heading\">Principales ressources pour subventionnement<\/h2>\n\n\n\n<h3 class=\"wp-block-heading\">Des outils pour vous accompagner dans votre d\u00e9marche subventionnement.<\/h3>\n\n\n\n<div id=\"text-block-block_042334f995cc8b9f4d2167e60823af5c\" class=\"text-block background-enabled\">\n    <p>Chaque ann\u00e9e, les fondations canadiennes donnent des millions de dollars \u00e0 des organismes porteurs de projets sociaux \u2013 de l\u2019\u00e9ducation \u00e0 l\u2019environnement, en passant par la sant\u00e9 et la lutte contre la pauvret\u00e9. Or, ces causes d\u00e9fendues ne peuvent s\u2019abstraire d\u2019autres enjeux d\u2019ordre identitaire : race, genre, orientation sexuelle, mais aussi classe sociale, statut d\u2019immigrant et statut autochtone.\u00a0De bonnes pratiques d\u2019octroi de subventions permettent de devenir plus efficaces et d\u2019avoir un impact positif plus important dans les collectivit\u00e9s canadiennes et partout dans le monde.<\/p>\n<\/div>\n<style type=\"text\/css\">\n\t#text-block-block_042334f995cc8b9f4d2167e60823af5c {\n\t\tmargin: 45px 0;\n\t}\n\t#text-block-block_042334f995cc8b9f4d2167e60823af5c.background-enabled {\n\t\tbackground-color: #00a88d;\n\t\tpadding: 30px;\n\t}\n\t#text-block-block_042334f995cc8b9f4d2167e60823af5c,\n\t#text-block-block_042334f995cc8b9f4d2167e60823af5c a,\n\t#text-block-block_042334f995cc8b9f4d2167e60823af5c p,\n\t#text-block-block_042334f995cc8b9f4d2167e60823af5c h4 {\n\t\tcolor: #fff;\n\t}\n\t#text-block-block_042334f995cc8b9f4d2167e60823af5c li {\n\t\tmargin-bottom: 0;\n\t}\n\t@media (min-width: 768px) {\n\t\t#text-block-block_042334f995cc8b9f4d2167e60823af5c.background-enabled {\n\t\t\tpadding: 60px;\n\t\t}\n\t}\n<\/style>\n<script>\n\tjQuery('#text-block-block_042334f995cc8b9f4d2167e60823af5c p, #text-block-block_042334f995cc8b9f4d2167e60823af5c li').attr(\"data-aos\", \"fade-up\");\n<\/script>\n\n\n\n<div class=\"wp-block-columns is-layout-flex wp-container-core-columns-is-layout-9d6595d7 wp-block-columns-is-layout-flex\">\n<div class=\"wp-block-column is-layout-flow wp-block-column-is-layout-flow\">\n<figure class=\"wp-block-image size-large is-resized\"><img loading=\"lazy\" decoding=\"async\" width=\"1024\" height=\"576\" src=\"https:\/\/communityfoundations.ca\/wp-content\/uploads\/2024\/10\/Oct-31-EN-2-1024x576.png\" alt=\"\" class=\"wp-image-42736\" style=\"width:404px;height:auto\" srcset=\"https:\/\/communityfoundations.ca\/wp-content\/uploads\/2024\/10\/Oct-31-EN-2-1024x576.png 1024w, https:\/\/communityfoundations.ca\/wp-content\/uploads\/2024\/10\/Oct-31-EN-2-300x169.png 300w, https:\/\/communityfoundations.ca\/wp-content\/uploads\/2024\/10\/Oct-31-EN-2-768x432.png 768w, https:\/\/communityfoundations.ca\/wp-content\/uploads\/2024\/10\/Oct-31-EN-2-1536x864.png 1536w, https:\/\/communityfoundations.ca\/wp-content\/uploads\/2024\/10\/Oct-31-EN-2.png 1600w\" sizes=\"auto, (max-width: 1024px) 100vw, 1024px\" \/><figcaption class=\"wp-element-caption\"><a href=\"https:\/\/communityfoundations.ca\/grantmaking-toolkit-for-the-new-decade-2024-fr\/\" target=\"_blank\" rel=\"noreferrer noopener\"><strong>Trousse pour l\u2019octroi de subventions au cours de la nouvelle d\u00e9cennie<\/strong><\/a><br>Ce guide a \u00e9t\u00e9 \u00e9labor\u00e9 par Fondations philanthropiques Canada et Fondations communautaires du Canada afin d\u2019offrir une source de bonnes pratiques \u00e0 tous les bailleurs de fonds philanthropiques canadiens, autant ceux d\u00e9j\u00e0 \u00e9tablis que ceux qui font leur entr\u00e9e dans ce domaine. De bonnes pratiques d\u2019octroi de subventions permettent de devenir plus efficaces et d\u2019avoir un impact positif plus important dans les collectivit\u00e9s canadiennes et partout dans le monde.<\/figcaption><\/figure>\n\n\n\n<div style=\"height:50px\" aria-hidden=\"true\" class=\"wp-block-spacer\"><\/div>\n\n\n\n<figure class=\"wp-block-image size-large\"><a href=\"https:\/\/communityfoundations.ca\/wp-content\/uploads\/2021\/08\/FICHE-OUTIL-Fondations-communautaires-du-Canada-Au-dela-des-subventions-2.pdf\"><img loading=\"lazy\" decoding=\"async\" width=\"1024\" height=\"683\" src=\"https:\/\/communityfoundations.ca\/wp-content\/uploads\/2023\/04\/priscilla-du-preez-XkKCui44iM0-unsplash-1024x683.jpg\" alt=\"\" class=\"wp-image-37440\" srcset=\"https:\/\/communityfoundations.ca\/wp-content\/uploads\/2023\/04\/priscilla-du-preez-XkKCui44iM0-unsplash-1024x683.jpg 1024w, https:\/\/communityfoundations.ca\/wp-content\/uploads\/2023\/04\/priscilla-du-preez-XkKCui44iM0-unsplash-300x200.jpg 300w, https:\/\/communityfoundations.ca\/wp-content\/uploads\/2023\/04\/priscilla-du-preez-XkKCui44iM0-unsplash-768x512.jpg 768w, https:\/\/communityfoundations.ca\/wp-content\/uploads\/2023\/04\/priscilla-du-preez-XkKCui44iM0-unsplash-1536x1024.jpg 1536w, https:\/\/communityfoundations.ca\/wp-content\/uploads\/2023\/04\/priscilla-du-preez-XkKCui44iM0-unsplash-2048x1365.jpg 2048w\" sizes=\"auto, (max-width: 1024px) 100vw, 1024px\" \/><\/a><figcaption class=\"wp-element-caption\"><a href=\"https:\/\/communityfoundations.ca\/wp-content\/uploads\/2021\/08\/FICHE-OUTIL-Fondations-communautaires-du-Canada-Au-dela-des-subventions-2.pdf\"><strong>Fiche outil : Fondations communautaires du Canada Au-del\u00e0 des subventions<\/strong> <br><\/a>Il n\u2019y a aucun doute que l\u2019aide financi\u00e8re est essentielle au succ\u00e8s des organismes sans but lucratif. Toutefois, quand une fondation choisit de donner plus que de l\u2019argent, tout le monde y gagne! En effet, les fondations peuvent soutenir leurs b\u00e9n\u00e9ficiaires en transmettant leur connaissance de leur communaut\u00e9, en faisant conna\u00eetre leurs meilleures pratiques de gouvernance et en favorisant l\u2019acc\u00e8s \u00e0 leur r\u00e9seau de financement. Ainsi, elles optimisent autant les retomb\u00e9es de leurs fonds que leur impact au sein de la communaut\u00e9.<\/figcaption><\/figure>\n\n\n\n<div style=\"height:50px\" aria-hidden=\"true\" class=\"wp-block-spacer\"><\/div>\n\n\n\n<figure class=\"wp-block-image size-large\"><a href=\"https:\/\/communityfoundations.ca\/wp-content\/uploads\/2022\/04\/Community-Foundation-Factsheet_-Ukraine-FRE.pdf\"><img loading=\"lazy\" decoding=\"async\" width=\"1024\" height=\"683\" src=\"https:\/\/communityfoundations.ca\/wp-content\/uploads\/2023\/04\/tetiana-shyshkina-3R0hVypEnyw-unsplash-1024x683.jpg\" alt=\"\" class=\"wp-image-37568\" srcset=\"https:\/\/communityfoundations.ca\/wp-content\/uploads\/2023\/04\/tetiana-shyshkina-3R0hVypEnyw-unsplash-1024x683.jpg 1024w, https:\/\/communityfoundations.ca\/wp-content\/uploads\/2023\/04\/tetiana-shyshkina-3R0hVypEnyw-unsplash-300x200.jpg 300w, https:\/\/communityfoundations.ca\/wp-content\/uploads\/2023\/04\/tetiana-shyshkina-3R0hVypEnyw-unsplash-768x512.jpg 768w, https:\/\/communityfoundations.ca\/wp-content\/uploads\/2023\/04\/tetiana-shyshkina-3R0hVypEnyw-unsplash-1536x1024.jpg 1536w, https:\/\/communityfoundations.ca\/wp-content\/uploads\/2023\/04\/tetiana-shyshkina-3R0hVypEnyw-unsplash-2048x1365.jpg 2048w\" sizes=\"auto, (max-width: 1024px) 100vw, 1024px\" \/><\/a><figcaption class=\"wp-element-caption\"><a href=\"https:\/\/communityfoundations.ca\/wp-content\/uploads\/2022\/04\/Community-Foundation-Factsheet_-Ukraine-FRE.pdf\"><strong>Fiche outil : Soutenir les r\u00e9fugi\u00e9s ukrainiens <\/strong> <\/a>Community foundations&rsquo; core business centres around providing grants, building funds and demonstrating community leadership, all in support of building strong, healthy and vibrant communities. In this factsheet, we\u2019ll explore how these roles can be utilized in welcoming Ukrainian newcomers into our community.<\/figcaption><\/figure>\n\n\n\n<div style=\"height:37px\" aria-hidden=\"true\" class=\"wp-block-spacer\"><\/div>\n<\/div>\n\n\n\n<div class=\"wp-block-column is-layout-flow wp-block-column-is-layout-flow\">\n<figure class=\"wp-block-image size-large\"><a href=\"https:\/\/communityfoundations.ca\/wp-content\/uploads\/2021\/10\/Fiche-Outil-Philanthropie-fonde\u0301e-sur-la-confiance.pdf\"><img loading=\"lazy\" decoding=\"async\" width=\"1024\" height=\"684\" src=\"https:\/\/communityfoundations.ca\/wp-content\/uploads\/2023\/01\/christina-wocintechchat-com-VpcgTEKerEQ-unsplash-1024x684.jpg\" alt=\"\" class=\"wp-image-36529\" srcset=\"https:\/\/communityfoundations.ca\/wp-content\/uploads\/2023\/01\/christina-wocintechchat-com-VpcgTEKerEQ-unsplash-1024x684.jpg 1024w, https:\/\/communityfoundations.ca\/wp-content\/uploads\/2023\/01\/christina-wocintechchat-com-VpcgTEKerEQ-unsplash-300x200.jpg 300w, https:\/\/communityfoundations.ca\/wp-content\/uploads\/2023\/01\/christina-wocintechchat-com-VpcgTEKerEQ-unsplash-768x513.jpg 768w, https:\/\/communityfoundations.ca\/wp-content\/uploads\/2023\/01\/christina-wocintechchat-com-VpcgTEKerEQ-unsplash-1536x1025.jpg 1536w, https:\/\/communityfoundations.ca\/wp-content\/uploads\/2023\/01\/christina-wocintechchat-com-VpcgTEKerEQ-unsplash-2048x1367.jpg 2048w\" sizes=\"auto, (max-width: 1024px) 100vw, 1024px\" \/><\/a><figcaption class=\"wp-element-caption\"><a href=\"https:\/\/communityfoundations.ca\/wp-content\/uploads\/2020\/12\/FICHE-OUTIL-\u2013-Le-subventionnement-feministe-_-vers-un-avenir-equitable.pdf\"><strong>Fiche outil : Le subventionnement f\u00e9ministe : vers un avenir \u00e9quitable<\/strong> <br><\/a>Chaque ann\u00e9e, les fondations canadiennes donnent des millions de dollars \u00e0 des organismes porteurs de projets sociaux \u2013 de l\u2019\u00e9ducation \u00e0 l\u2019environnement, en passant par la sant\u00e9 et la lutte contre la pauvret\u00e9. Or, ces causes d\u00e9fendues ne peuvent s\u2019abstraire d\u2019autres enjeux d\u2019ordre identitaire : race, genre, orientation sexuelle, mais aussi classe sociale, statut d\u2019immigrant et statut autochtone.<br><br><br><br><img decoding=\"async\" src=\"https:\/\/communityfoundations.ca\/wp-content\/uploads\/2023\/03\/melanie-kanzler-Q4JBFDkJizc-unsplash-1024x698.jpg\" alt=\"\"><a href=\"https:\/\/communityfoundations.ca\/wp-content\/uploads\/2021\/10\/Fiche-Outil-Philanthropie-fonde\u0301e-sur-la-confiance.pdf\"><strong>Fiche outil : Philanthropie fond\u00e9e sur la confiance<\/strong><br><\/a>Fondamentalement, la philanthropie fond\u00e9e sur la confiance consiste \u00e0 redistribuer les pouvoirs \u2013 de mani\u00e8re syst\u00e9mique, organisationnelle et interpersonnelle \u2013 pour servir un \u00e9cosyst\u00e8me \u00e0 but non lucratif plus sain et plus \u00e9quitable.<\/figcaption><\/figure>\n\n\n\n<figure class=\"wp-block-image size-large\"><a href=\"https:\/\/www.youtube.com\/watch?v=sjn77LNtLuo\"><img loading=\"lazy\" decoding=\"async\" width=\"1024\" height=\"588\" src=\"https:\/\/communityfoundations.ca\/wp-content\/uploads\/2022\/11\/Untitled-design-2-1024x588.jpeg\" alt=\"\" class=\"wp-image-37333\" srcset=\"https:\/\/communityfoundations.ca\/wp-content\/uploads\/2022\/11\/Untitled-design-2-1024x588.jpeg 1024w, https:\/\/communityfoundations.ca\/wp-content\/uploads\/2022\/11\/Untitled-design-2-300x172.jpeg 300w, https:\/\/communityfoundations.ca\/wp-content\/uploads\/2022\/11\/Untitled-design-2-768x441.jpeg 768w, https:\/\/communityfoundations.ca\/wp-content\/uploads\/2022\/11\/Untitled-design-2-1536x882.jpeg 1536w, https:\/\/communityfoundations.ca\/wp-content\/uploads\/2022\/11\/Untitled-design-2.jpeg 2000w\" sizes=\"auto, (max-width: 1024px) 100vw, 1024px\" \/><\/a><figcaption class=\"wp-element-caption\"><a href=\"https:\/\/www.youtube.com\/watch?v=sjn77LNtLuo\"><strong>Subventionnement f\u00e9ministe : La puissance de l\u2019intention<\/strong> <br><\/a>La COVID-19 a exacerb\u00e9 les in\u00e9galit\u00e9s de genre au Canada. Les femmes perdent plus d\u2019emplois, font un travail plus essentiel et travaillent davantage \u00e0 la maison.Fondations communautaires du Canada et ses partenaires ont lanc\u00e9 le Fonds pour l\u2019\u00e9galit\u00e9 des genres, un effort national afin de donner un nouvel \u00e9lan aux mouvements de femmes au Canada.<\/figcaption><\/figure>\n\n\n\n<div style=\"height:0px\" aria-hidden=\"true\" class=\"wp-block-spacer\"><\/div>\n\n\n\n<div style=\"height:4px\" aria-hidden=\"true\" class=\"wp-block-spacer\"><\/div>\n<\/div>\n<\/div>\n","protected":false},"excerpt":{"rendered":"<p>Principales ressources pour subventionnement Des outils pour vous accompagner dans votre d\u00e9marche subventionnement.<\/p>\n","protected":false},"author":9,"featured_media":0,"parent":0,"menu_order":0,"comment_status":"closed","ping_status":"closed","template":"","meta":{"footnotes":""},"class_list":["post-37646","page","type-page","status-publish","hentry"],"acf":[],"_links":{"self":[{"href":"https:\/\/communityfoundations.ca\/fr\/wp-json\/wp\/v2\/pages\/37646","targetHints":{"allow":["GET"]}}],"collection":[{"href":"https:\/\/communityfoundations.ca\/fr\/wp-json\/wp\/v2\/pages"}],"about":[{"href":"https:\/\/communityfoundations.ca\/fr\/wp-json\/wp\/v2\/types\/page"}],"author":[{"embeddable":true,"href":"https:\/\/communityfoundations.ca\/fr\/wp-json\/wp\/v2\/users\/9"}],"replies":[{"embeddable":true,"href":"https:\/\/communityfoundations.ca\/fr\/wp-json\/wp\/v2\/comments?post=37646"}],"version-history":[{"count":5,"href":"https:\/\/communityfoundations.ca\/fr\/wp-json\/wp\/v2\/pages\/37646\/revisions"}],"predecessor-version":[{"id":42740,"href":"https:\/\/communityfoundations.ca\/fr\/wp-json\/wp\/v2\/pages\/37646\/revisions\/42740"}],"wp:attachment":[{"href":"https:\/\/communityfoundations.ca\/fr\/wp-json\/wp\/v2\/media?parent=37646"}],"curies":[{"name":"wp","href":"https:\/\/api.w.org\/{rel}","templated":true}]}}