{"id":37655,"date":"2023-04-12T16:12:26","date_gmt":"2023-04-12T20:12:26","guid":{"rendered":"https:\/\/communityfoundations.ca\/?page_id=37655"},"modified":"2023-04-24T08:10:27","modified_gmt":"2023-04-24T12:10:27","slug":"principales-ressources-pour-lavenir-de-la-philanthropie","status":"publish","type":"page","link":"https:\/\/communityfoundations.ca\/fr\/principales-ressources-pour-lavenir-de-la-philanthropie\/","title":{"rendered":""},"content":{"rendered":"\n<h2 class=\"wp-block-heading\">Principales ressources pour l\u2019avenir de la philanthropie<\/h2>\n\n\n\n<h3 class=\"wp-block-heading\">Aider \u00e0 maximiser vos impacts philanthropiques.<\/h3>\n\n\n\n<div id=\"text-block-block_91b5935e2b8de452f0848af2e31ad090\" class=\"text-block background-enabled\">\n    <p>La campagne\u00a0<em class=\"chrome\">L&rsquo;avenir de la philanthropie<\/em> donne un aper\u00e7u des nouvelles tendances en mati\u00e8re de philanthropie, y compris ce qui motive les philanthropes d&rsquo;aujourd&rsquo;hui, les strat\u00e9gies et structures qui sous-tendent leur activit\u00e9 philanthropique, l&rsquo;incidence de cette activit\u00e9 sur ceux qui en b\u00e9n\u00e9ficient comme sur ceux qui l&rsquo;effectuent, la collaboration entre philanthropes et le r\u00f4le de la philanthropie dans le rapprochement des communaut\u00e9s.<\/p>\n<\/div>\n<style type=\"text\/css\">\n\t#text-block-block_91b5935e2b8de452f0848af2e31ad090 {\n\t\tmargin: 45px 0;\n\t}\n\t#text-block-block_91b5935e2b8de452f0848af2e31ad090.background-enabled {\n\t\tbackground-color: #00a88d;\n\t\tpadding: 30px;\n\t}\n\t#text-block-block_91b5935e2b8de452f0848af2e31ad090,\n\t#text-block-block_91b5935e2b8de452f0848af2e31ad090 a,\n\t#text-block-block_91b5935e2b8de452f0848af2e31ad090 p,\n\t#text-block-block_91b5935e2b8de452f0848af2e31ad090 h4 {\n\t\tcolor: #fff;\n\t}\n\t#text-block-block_91b5935e2b8de452f0848af2e31ad090 li {\n\t\tmargin-bottom: 0;\n\t}\n\t@media (min-width: 768px) {\n\t\t#text-block-block_91b5935e2b8de452f0848af2e31ad090.background-enabled {\n\t\t\tpadding: 60px;\n\t\t}\n\t}\n<\/style>\n<script>\n\tjQuery('#text-block-block_91b5935e2b8de452f0848af2e31ad090 p, #text-block-block_91b5935e2b8de452f0848af2e31ad090 li').attr(\"data-aos\", \"fade-up\");\n<\/script>\n\n\n\n<div class=\"wp-block-columns is-layout-flex wp-container-core-columns-is-layout-9d6595d7 wp-block-columns-is-layout-flex\">\n<div class=\"wp-block-column is-layout-flow wp-block-column-is-layout-flow\">\n<figure class=\"wp-block-image size-large\"><a href=\"https:\/\/www.youtube.com\/watch?v=jaKigI89TQc&amp;feature=youtu.be\"><img loading=\"lazy\" decoding=\"async\" width=\"1024\" height=\"683\" src=\"https:\/\/communityfoundations.ca\/wp-content\/uploads\/2023\/04\/antonio-janeski-CHVTt0aGbx0-unsplash-1024x683.jpg\" alt=\"\" class=\"wp-image-37591\" srcset=\"https:\/\/communityfoundations.ca\/wp-content\/uploads\/2023\/04\/antonio-janeski-CHVTt0aGbx0-unsplash-1024x683.jpg 1024w, https:\/\/communityfoundations.ca\/wp-content\/uploads\/2023\/04\/antonio-janeski-CHVTt0aGbx0-unsplash-300x200.jpg 300w, https:\/\/communityfoundations.ca\/wp-content\/uploads\/2023\/04\/antonio-janeski-CHVTt0aGbx0-unsplash-768x512.jpg 768w, https:\/\/communityfoundations.ca\/wp-content\/uploads\/2023\/04\/antonio-janeski-CHVTt0aGbx0-unsplash-1536x1024.jpg 1536w, https:\/\/communityfoundations.ca\/wp-content\/uploads\/2023\/04\/antonio-janeski-CHVTt0aGbx0-unsplash-2048x1365.jpg 2048w\" sizes=\"auto, (max-width: 1024px) 100vw, 1024px\" \/><\/a><figcaption class=\"wp-element-caption\"><a href=\"https:\/\/www.youtube.com\/watch?v=jaKigI89TQc&amp;feature=youtu.be\"><strong>Webinaire : Explorer la philanthropie fond\u00e9e sur la confiance<\/strong> <br><\/a>La philanthropie fond\u00e9e sur la confiance est adopt\u00e9e par un nombre grandissant de fondations en vue d\u2019att\u00e9nuer les d\u00e9s\u00e9quilibres du pouvoir entre les bailleurs de fonds et les r\u00e9cipiendaires, tout en favorisant des relations plus productives et instructives. Ce webinaire enseignera les bases de la philanthropie fond\u00e9e sur la confiance; il sera question de fondations communautaires qui adoptent des approches fond\u00e9es sur la confiance, et de l\u2019alignement de ces pratiques aux valeurs organisationnelles.<\/figcaption><\/figure>\n\n\n\n<div style=\"height:50px\" aria-hidden=\"true\" class=\"wp-block-spacer\"><\/div>\n\n\n\n<figure class=\"wp-block-image size-large is-resized\"><a href=\"https:\/\/youtu.be\/jfDClQ-N7e4\"><img loading=\"lazy\" decoding=\"async\" src=\"https:\/\/communityfoundations.ca\/wp-content\/uploads\/2023\/04\/microsoft-365-FHhbHW4vFxc-unsplash-1024x683.jpg\" alt=\"\" class=\"wp-image-37408\" width=\"404\" height=\"269\" srcset=\"https:\/\/communityfoundations.ca\/wp-content\/uploads\/2023\/04\/microsoft-365-FHhbHW4vFxc-unsplash-1024x683.jpg 1024w, https:\/\/communityfoundations.ca\/wp-content\/uploads\/2023\/04\/microsoft-365-FHhbHW4vFxc-unsplash-300x200.jpg 300w, https:\/\/communityfoundations.ca\/wp-content\/uploads\/2023\/04\/microsoft-365-FHhbHW4vFxc-unsplash-768x512.jpg 768w, https:\/\/communityfoundations.ca\/wp-content\/uploads\/2023\/04\/microsoft-365-FHhbHW4vFxc-unsplash-1536x1024.jpg 1536w, https:\/\/communityfoundations.ca\/wp-content\/uploads\/2023\/04\/microsoft-365-FHhbHW4vFxc-unsplash-2048x1365.jpg 2048w\" sizes=\"auto, (max-width: 404px) 100vw, 404px\" \/><\/a><figcaption class=\"wp-element-caption\"><a href=\"https:\/\/youtu.be\/jfDClQ-N7e4\"><strong>Communaut\u00e9s pour l\u2019\u00e9galit\u00e9 des genres | Placer l\u2019inclusion au c\u0153ur de la philanthropie fond\u00e9e sur la confiance<\/strong> <br><\/a>La philanthropie fond\u00e9e sur la confiance cr\u00e9e un espace pour aborder explicitement les d\u00e9s\u00e9quilibres de pouvoir inh\u00e9rents entre les fondations et les organismes \u00e0 but non lucratif. Alors que les fondations communautaires continuent de transf\u00e9rer le pouvoir au niveau local, la philanthropie fond\u00e9e sur la confiance a un r\u00f4le \u00e0 jouer dans l\u2019adaptation de nos pratiques et politiques.<\/figcaption><\/figure>\n\n\n\n<div style=\"height:50px\" aria-hidden=\"true\" class=\"wp-block-spacer\"><\/div>\n\n\n\n<div style=\"height:37px\" aria-hidden=\"true\" class=\"wp-block-spacer\"><\/div>\n<\/div>\n\n\n\n<div class=\"wp-block-column is-layout-flow wp-block-column-is-layout-flow\">\n<figure class=\"wp-block-image size-large is-resized\"><a href=\"https:\/\/communityfoundations.ca\/fr\/our-commitments-to-anti-racism-at-community-foundations-of-canada\/\"><img loading=\"lazy\" decoding=\"async\" src=\"https:\/\/communityfoundations.ca\/wp-content\/uploads\/2023\/04\/duncan-shaffer-loPrMMXpIIA-unsplash-1024x683.jpg\" alt=\"\" class=\"wp-image-37593\" width=\"404\" height=\"269\" srcset=\"https:\/\/communityfoundations.ca\/wp-content\/uploads\/2023\/04\/duncan-shaffer-loPrMMXpIIA-unsplash-1024x683.jpg 1024w, https:\/\/communityfoundations.ca\/wp-content\/uploads\/2023\/04\/duncan-shaffer-loPrMMXpIIA-unsplash-300x200.jpg 300w, https:\/\/communityfoundations.ca\/wp-content\/uploads\/2023\/04\/duncan-shaffer-loPrMMXpIIA-unsplash-768x512.jpg 768w, https:\/\/communityfoundations.ca\/wp-content\/uploads\/2023\/04\/duncan-shaffer-loPrMMXpIIA-unsplash-1536x1024.jpg 1536w, https:\/\/communityfoundations.ca\/wp-content\/uploads\/2023\/04\/duncan-shaffer-loPrMMXpIIA-unsplash-2048x1365.jpg 2048w\" sizes=\"auto, (max-width: 404px) 100vw, 404px\" \/><\/a><figcaption class=\"wp-element-caption\"><strong><a href=\"https:\/\/communityfoundations.ca\/fr\/our-commitments-to-anti-racism-at-community-foundations-of-canada\/\">Notre engagement contre le racisme chez Fondations communautaires du Canada<\/a> <\/strong><br>En ce qui concerne les enjeux qui comptent le plus pour les Canadiens, nous savons qu&rsquo;aujourd&rsquo;hui et toujours, l&rsquo;un de ces enjeux est la lutte contre le racisme. Cette invitation n&rsquo;est pas cens\u00e9e \u00eatre un guide exclusif, ou une bo\u00eete \u00e0 outils de mat\u00e9riel antiraciste pour les fondations communautaires. Il s&rsquo;agit plut\u00f4t d&rsquo;un espace pour entamer une conversation sur les lacunes du mouvement des fondations communautaires et pour prendre une pause pour r\u00e9fl\u00e9chir \u00e0 la direction que nous devons prendre.<\/figcaption><\/figure>\n\n\n\n<div style=\"height:50px\" aria-hidden=\"true\" class=\"wp-block-spacer\"><\/div>\n\n\n\n<div style=\"height:67px\" aria-hidden=\"true\" class=\"wp-block-spacer\"><\/div>\n\n\n\n<div style=\"height:4px\" aria-hidden=\"true\" class=\"wp-block-spacer\"><\/div>\n<\/div>\n<\/div>\n","protected":false},"excerpt":{"rendered":"<p>Principales ressources pour l\u2019avenir de la philanthropie Aider \u00e0 maximiser vos impacts philanthropiques.<\/p>\n","protected":false},"author":9,"featured_media":0,"parent":0,"menu_order":0,"comment_status":"closed","ping_status":"closed","template":"","meta":{"footnotes":""},"class_list":["post-37655","page","type-page","status-publish","hentry"],"acf":[],"_links":{"self":[{"href":"https:\/\/communityfoundations.ca\/fr\/wp-json\/wp\/v2\/pages\/37655","targetHints":{"allow":["GET"]}}],"collection":[{"href":"https:\/\/communityfoundations.ca\/fr\/wp-json\/wp\/v2\/pages"}],"about":[{"href":"https:\/\/communityfoundations.ca\/fr\/wp-json\/wp\/v2\/types\/page"}],"author":[{"embeddable":true,"href":"https:\/\/communityfoundations.ca\/fr\/wp-json\/wp\/v2\/users\/9"}],"replies":[{"embeddable":true,"href":"https:\/\/communityfoundations.ca\/fr\/wp-json\/wp\/v2\/comments?post=37655"}],"version-history":[{"count":6,"href":"https:\/\/communityfoundations.ca\/fr\/wp-json\/wp\/v2\/pages\/37655\/revisions"}],"predecessor-version":[{"id":37879,"href":"https:\/\/communityfoundations.ca\/fr\/wp-json\/wp\/v2\/pages\/37655\/revisions\/37879"}],"wp:attachment":[{"href":"https:\/\/communityfoundations.ca\/fr\/wp-json\/wp\/v2\/media?parent=37655"}],"curies":[{"name":"wp","href":"https:\/\/api.w.org\/{rel}","templated":true}]}}