{"id":37670,"date":"2023-04-12T23:08:43","date_gmt":"2023-04-13T03:08:43","guid":{"rendered":"https:\/\/communityfoundations.ca\/?page_id=37670"},"modified":"2025-08-26T10:15:29","modified_gmt":"2025-08-26T14:15:29","slug":"principales-ressources-pour-ladministration-et-les-finances","status":"publish","type":"page","link":"https:\/\/communityfoundations.ca\/fr\/principales-ressources-pour-ladministration-et-les-finances\/","title":{"rendered":""},"content":{"rendered":"\n<h2 class=\"wp-block-heading\">Principales ressources pour l\u2019administration et les finances<\/h2>\n\n\n\n<h3 class=\"wp-block-heading\">Vous aider \u00e0 \u00e9tablir vos politiques et pratiques financi\u00e8res.<\/h3>\n\n\n\n<div id=\"text-block-block_bb53749fd78a93eb5c063ac963824c49\" class=\"text-block background-enabled\">\n    <p>Pour continuer \u00e0 cr\u00e9er un impact dans vos communaut\u00e9s, les fondations communautaires doivent s&rsquo;assurer que leurs propres dossiers financiers sont tenus \u00e0 jour et que l&rsquo;administration reste ordonn\u00e9e. Ces ressources vous soutiendront, vous et votre organisation, pendant que vous soutenez les organisations communautaires.<\/p>\n<\/div>\n<style type=\"text\/css\">\n\t#text-block-block_bb53749fd78a93eb5c063ac963824c49 {\n\t\tmargin: 45px 0;\n\t}\n\t#text-block-block_bb53749fd78a93eb5c063ac963824c49.background-enabled {\n\t\tbackground-color: #00a88d;\n\t\tpadding: 30px;\n\t}\n\t#text-block-block_bb53749fd78a93eb5c063ac963824c49,\n\t#text-block-block_bb53749fd78a93eb5c063ac963824c49 a,\n\t#text-block-block_bb53749fd78a93eb5c063ac963824c49 p,\n\t#text-block-block_bb53749fd78a93eb5c063ac963824c49 h4 {\n\t\tcolor: #fff;\n\t}\n\t#text-block-block_bb53749fd78a93eb5c063ac963824c49 li {\n\t\tmargin-bottom: 0;\n\t}\n\t@media (min-width: 768px) {\n\t\t#text-block-block_bb53749fd78a93eb5c063ac963824c49.background-enabled {\n\t\t\tpadding: 60px;\n\t\t}\n\t}\n<\/style>\n<script>\n\tjQuery('#text-block-block_bb53749fd78a93eb5c063ac963824c49 p, #text-block-block_bb53749fd78a93eb5c063ac963824c49 li').attr(\"data-aos\", \"fade-up\");\n<\/script>\n\n\n\n<div class=\"wp-block-columns is-layout-flex wp-container-core-columns-is-layout-9d6595d7 wp-block-columns-is-layout-flex\">\n<div class=\"wp-block-column is-layout-flow wp-block-column-is-layout-flow\">\n<figure class=\"wp-block-image size-large\"><a href=\"https:\/\/communityfoundations.ca\/wp-content\/uploads\/2019\/04\/FICHE-OUTIL-les-modifications-applicables-aux-organismes-de-bienfaisance-et-proposes-dans-le-budget-de-2022.pdf\"><img loading=\"lazy\" decoding=\"async\" width=\"1024\" height=\"683\" src=\"https:\/\/communityfoundations.ca\/wp-content\/uploads\/2023\/04\/scott-graham-5fNmWej4tAA-unsplash-1024x683.jpg\" alt=\"\" class=\"wp-image-37404\" srcset=\"https:\/\/communityfoundations.ca\/wp-content\/uploads\/2023\/04\/scott-graham-5fNmWej4tAA-unsplash-1024x683.jpg 1024w, https:\/\/communityfoundations.ca\/wp-content\/uploads\/2023\/04\/scott-graham-5fNmWej4tAA-unsplash-300x200.jpg 300w, https:\/\/communityfoundations.ca\/wp-content\/uploads\/2023\/04\/scott-graham-5fNmWej4tAA-unsplash-768x513.jpg 768w, https:\/\/communityfoundations.ca\/wp-content\/uploads\/2023\/04\/scott-graham-5fNmWej4tAA-unsplash-1536x1025.jpg 1536w, https:\/\/communityfoundations.ca\/wp-content\/uploads\/2023\/04\/scott-graham-5fNmWej4tAA-unsplash-2048x1367.jpg 2048w\" sizes=\"auto, (max-width: 1024px) 100vw, 1024px\" \/><\/a><figcaption class=\"wp-element-caption\"><a href=\"https:\/\/communityfoundations.ca\/wp-content\/uploads\/2023\/11\/Adapting-to-Evolving-Disbursement-Quota-Regulations_FR.pdf\" target=\"_blank\" rel=\"noreferrer noopener\"><strong>Diapositives : Adaptation \u00e0 l\u2019\u00e9volution de la r\u00e9glementation sur le contingent des versements<\/strong><\/a><br>En tant que fondations communautaires, vous devez vous tenir au fait des exigences r\u00e9glementaires de l\u2019Agence du revenu du Canada pour vous assurer de remplir votre mission efficacement. Les contingents des versements sont un aspect essentiel du maintien de l\u2019exon\u00e9ration fiscale des fondations communautaires..<\/figcaption><\/figure>\n\n\n\n<div style=\"height:50px\" aria-hidden=\"true\" class=\"wp-block-spacer\"><\/div>\n\n\n\n<div style=\"height:0px\" aria-hidden=\"true\" class=\"wp-block-spacer\"><\/div>\n\n\n\n<figure class=\"wp-block-image size-large is-resized\"><a href=\"https:\/\/communityfoundations.ca\/wp-content\/uploads\/2021\/10\/FICHE-OUTIL-\u2013-Pour-commencer-_-etablir-un-lieu-de-travail-et-des-systemes-de-gestion-des-registres.pdf\"><img loading=\"lazy\" decoding=\"async\" width=\"1024\" height=\"747\" src=\"https:\/\/communityfoundations.ca\/wp-content\/uploads\/2023\/04\/sarah-elizabeth-O3gOgPB4sRU-unsplash-1024x747.jpg\" alt=\"\" class=\"wp-image-37504\" style=\"width:382px;height:278px\" srcset=\"https:\/\/communityfoundations.ca\/wp-content\/uploads\/2023\/04\/sarah-elizabeth-O3gOgPB4sRU-unsplash-1024x747.jpg 1024w, https:\/\/communityfoundations.ca\/wp-content\/uploads\/2023\/04\/sarah-elizabeth-O3gOgPB4sRU-unsplash-300x219.jpg 300w, https:\/\/communityfoundations.ca\/wp-content\/uploads\/2023\/04\/sarah-elizabeth-O3gOgPB4sRU-unsplash-768x560.jpg 768w, https:\/\/communityfoundations.ca\/wp-content\/uploads\/2023\/04\/sarah-elizabeth-O3gOgPB4sRU-unsplash-1536x1120.jpg 1536w, https:\/\/communityfoundations.ca\/wp-content\/uploads\/2023\/04\/sarah-elizabeth-O3gOgPB4sRU-unsplash-2048x1493.jpg 2048w\" sizes=\"auto, (max-width: 1024px) 100vw, 1024px\" \/><\/a><figcaption class=\"wp-element-caption\"><a href=\"https:\/\/communityfoundations.ca\/wp-content\/uploads\/2021\/10\/FICHE-OUTIL-\u2013-Pour-commencer-_-etablir-un-lieu-de-travail-et-des-systemes-de-gestion-des-registres.pdf\"><strong>Fiche outil \u2013 Pour commencer : \u00e9tablir un lieu de travail et des syst\u00e8mes de gestion des registre<\/strong> <br><\/a>La COVID-19 a amen\u00e9 de nombreuses fondations \u00e0 repenser leur besoin de locaux pour exercer leurs activit\u00e9s. Les progr\u00e8s technologiques, les applications de r\u00e9union de groupe, les locaux de cotravail, les centres de sauvegarde de documents et l\u2019augmentation du travail \u00e0 distance changent la fa\u00e7on dont les organismes envisagent la mise en place et le maintien de leur bureau principal.<\/figcaption><\/figure>\n\n\n\n<div style=\"height:50px\" aria-hidden=\"true\" class=\"wp-block-spacer\"><\/div>\n\n\n\n<figure class=\"wp-block-image size-large\"><a href=\"https:\/\/communityfoundations.ca\/wp-content\/uploads\/2021\/10\/FICHE-OUTIL-\u2013-Gestion-des-risques-des-Fondations-communautaires-du-Canada.pdf\"><img loading=\"lazy\" decoding=\"async\" width=\"1024\" height=\"683\" src=\"https:\/\/communityfoundations.ca\/wp-content\/uploads\/2023\/04\/brooke-cagle-uHVRvDr7pg-unsplash-1024x683.jpg\" alt=\"\" class=\"wp-image-37506\" srcset=\"https:\/\/communityfoundations.ca\/wp-content\/uploads\/2023\/04\/brooke-cagle-uHVRvDr7pg-unsplash-1024x683.jpg 1024w, https:\/\/communityfoundations.ca\/wp-content\/uploads\/2023\/04\/brooke-cagle-uHVRvDr7pg-unsplash-300x200.jpg 300w, https:\/\/communityfoundations.ca\/wp-content\/uploads\/2023\/04\/brooke-cagle-uHVRvDr7pg-unsplash-768x512.jpg 768w, https:\/\/communityfoundations.ca\/wp-content\/uploads\/2023\/04\/brooke-cagle-uHVRvDr7pg-unsplash-1536x1024.jpg 1536w, https:\/\/communityfoundations.ca\/wp-content\/uploads\/2023\/04\/brooke-cagle-uHVRvDr7pg-unsplash-2048x1366.jpg 2048w\" sizes=\"auto, (max-width: 1024px) 100vw, 1024px\" \/><\/a><figcaption class=\"wp-element-caption\"><a href=\"https:\/\/communityfoundations.ca\/wp-content\/uploads\/2021\/10\/FICHE-OUTIL-\u2013-Gestion-des-risques-des-Fondations-communautaires-du-Canada.pdf\"><strong>Fiche outil \u2013 Gestion des risques des Fondations communautaires du Canada<\/strong> <br><\/a>Un risque se pr\u00e9sente lorsque l\u2019on ne sait pas ce que l\u2019on fait. Un risque, c\u2019est comme un feu : le ma\u00eetriser vous aidera; autrement, il gagnera en force et vous d\u00e9truira.<\/figcaption><\/figure>\n\n\n\n<div style=\"height:50px\" aria-hidden=\"true\" class=\"wp-block-spacer\"><\/div>\n\n\n\n<div style=\"height:0px\" aria-hidden=\"true\" class=\"wp-block-spacer\"><\/div>\n\n\n\n<figure class=\"wp-block-image size-large\"><a href=\"https:\/\/communityfoundations.ca\/wp-content\/uploads\/2021\/03\/FICHE-OUTIL-Lignes-directrices-pour-produire-des-rapports-annuels-transparents.pdf\"><img loading=\"lazy\" decoding=\"async\" width=\"1024\" height=\"683\" src=\"https:\/\/communityfoundations.ca\/wp-content\/uploads\/2023\/04\/kobu-agency-7okkFhxrxNw-unsplash-1024x683.jpg\" alt=\"\" class=\"wp-image-37434\" srcset=\"https:\/\/communityfoundations.ca\/wp-content\/uploads\/2023\/04\/kobu-agency-7okkFhxrxNw-unsplash-1024x683.jpg 1024w, https:\/\/communityfoundations.ca\/wp-content\/uploads\/2023\/04\/kobu-agency-7okkFhxrxNw-unsplash-300x200.jpg 300w, https:\/\/communityfoundations.ca\/wp-content\/uploads\/2023\/04\/kobu-agency-7okkFhxrxNw-unsplash-768x512.jpg 768w, https:\/\/communityfoundations.ca\/wp-content\/uploads\/2023\/04\/kobu-agency-7okkFhxrxNw-unsplash-1536x1024.jpg 1536w, https:\/\/communityfoundations.ca\/wp-content\/uploads\/2023\/04\/kobu-agency-7okkFhxrxNw-unsplash-2048x1365.jpg 2048w\" sizes=\"auto, (max-width: 1024px) 100vw, 1024px\" \/><\/a><figcaption class=\"wp-element-caption\"><a href=\"https:\/\/communityfoundations.ca\/wp-content\/uploads\/2021\/03\/FICHE-OUTIL-Lignes-directrices-pour-produire-des-rapports-annuels-transparents.pdf\"><strong>Fiche outil &#8211; Lignes directrices pour produire des rapports annuels transparents<\/strong> <br><\/a>Les fondations communautaires collaborent avec des donateurs pour offrir diverses ressources visant \u00e0 combler les besoins des communaut\u00e9s. La production d\u2019un rapport annuel donne aux fondations l\u2019occasion de c\u00e9l\u00e9brer leur r\u00e9ussite dans la satisfaction de ces besoins tout en rassurant la communaut\u00e9 au sujet de la capacit\u00e9 financi\u00e8re et organisationnelle n\u00e9cessaire \u00e0 l\u2019accomplissement de sa vision et de sa mission.<\/figcaption><\/figure>\n\n\n\n<div style=\"height:50px\" aria-hidden=\"true\" class=\"wp-block-spacer\"><\/div>\n\n\n\n<figure class=\"wp-block-image size-large\"><a href=\"https:\/\/communityfoundations.ca\/wp-content\/uploads\/2020\/12\/FICHE-OUTIL-\u2013-Pratiques-exemplaires-pour-les-reunions-virtuelles.pdf\"><img loading=\"lazy\" decoding=\"async\" width=\"1024\" height=\"683\" src=\"https:\/\/communityfoundations.ca\/wp-content\/uploads\/2023\/04\/linkedin-sales-solutions-6ie6OjshvWg-unsplash-1024x683.jpg\" alt=\"\" class=\"wp-image-37508\" srcset=\"https:\/\/communityfoundations.ca\/wp-content\/uploads\/2023\/04\/linkedin-sales-solutions-6ie6OjshvWg-unsplash-1024x683.jpg 1024w, https:\/\/communityfoundations.ca\/wp-content\/uploads\/2023\/04\/linkedin-sales-solutions-6ie6OjshvWg-unsplash-300x200.jpg 300w, https:\/\/communityfoundations.ca\/wp-content\/uploads\/2023\/04\/linkedin-sales-solutions-6ie6OjshvWg-unsplash-768x512.jpg 768w, https:\/\/communityfoundations.ca\/wp-content\/uploads\/2023\/04\/linkedin-sales-solutions-6ie6OjshvWg-unsplash-1536x1025.jpg 1536w, https:\/\/communityfoundations.ca\/wp-content\/uploads\/2023\/04\/linkedin-sales-solutions-6ie6OjshvWg-unsplash-2048x1366.jpg 2048w\" sizes=\"auto, (max-width: 1024px) 100vw, 1024px\" \/><\/a><figcaption class=\"wp-element-caption\"><a href=\"https:\/\/communityfoundations.ca\/wp-content\/uploads\/2020\/12\/FICHE-OUTIL-\u2013-Pratiques-exemplaires-pour-les-reunions-virtuelles.pdf\"><strong>Fiche outil &#8211; Pratiques exemplaires pour les r\u00e9unions virtuelles<\/strong> <br><\/a>Avant que la pand\u00e9mie ne s\u2019installe et n\u2019influence nos interactions en personne, les fondations n\u2019utilisaient que tr\u00e8s rarement la technologie virtuelle pour organiser leurs r\u00e9unions, et n\u2019y avaient recours en g\u00e9n\u00e9ral que lorsque la distance entre les participants posait un probl\u00e8me. Cependant, la \u00ab nouvelle normalit\u00e9 \u00bb a eu impact sans pr\u00e9c\u00e9dent sur les activit\u00e9s des fondations et les communications interpersonnelles.<\/figcaption><\/figure>\n<\/div>\n\n\n\n<div class=\"wp-block-column is-layout-flow wp-block-column-is-layout-flow\">\n<figure class=\"wp-block-image size-large\"><a href=\"https:\/\/communityfoundations.ca\/wp-content\/uploads\/2021\/12\/FRENCH-Membership-Benefits-2022.pdf\"><img loading=\"lazy\" decoding=\"async\" width=\"1024\" height=\"684\" src=\"https:\/\/communityfoundations.ca\/wp-content\/uploads\/2023\/01\/christina-wocintechchat-com-VpcgTEKerEQ-unsplash-1024x684.jpg\" alt=\"\" class=\"wp-image-36529\" srcset=\"https:\/\/communityfoundations.ca\/wp-content\/uploads\/2023\/01\/christina-wocintechchat-com-VpcgTEKerEQ-unsplash-1024x684.jpg 1024w, https:\/\/communityfoundations.ca\/wp-content\/uploads\/2023\/01\/christina-wocintechchat-com-VpcgTEKerEQ-unsplash-300x200.jpg 300w, https:\/\/communityfoundations.ca\/wp-content\/uploads\/2023\/01\/christina-wocintechchat-com-VpcgTEKerEQ-unsplash-768x513.jpg 768w, https:\/\/communityfoundations.ca\/wp-content\/uploads\/2023\/01\/christina-wocintechchat-com-VpcgTEKerEQ-unsplash-1536x1025.jpg 1536w, https:\/\/communityfoundations.ca\/wp-content\/uploads\/2023\/01\/christina-wocintechchat-com-VpcgTEKerEQ-unsplash-2048x1367.jpg 2048w\" sizes=\"auto, (max-width: 1024px) 100vw, 1024px\" \/><\/a><figcaption class=\"wp-element-caption\"><strong><a href=\"https:\/\/communityfoundations.ca\/trousse-de-renouvellement-de-ladhesion-a-fcc-2025\" data-type=\"link\" data-id=\"https:\/\/communityfoundations.ca\/trousse-de-renouvellement-de-ladhesion-a-fcc-2025\">Fondations communautaires du Canada Valeurs et avantages du r\u00e9seau 2025 <br><\/a><\/strong>L\u2019impact collectif et collaboratif des fondations communautaires s\u2019accro\u00eet, car nous aspirons \u00e0 \u00e9tablir des relations plus profondes, \u00e0 poser des questions difficiles et \u00e0 nous adapter. Dans le sillage du leadership des peuples autochtones, nous int\u00e9grons la r\u00e9conciliation dans notre travail et nous nous effor\u00e7ons de d\u00e9coloniser les structures philanthropiques.<\/figcaption><\/figure>\n\n\n\n<div style=\"height:50px\" aria-hidden=\"true\" class=\"wp-block-spacer\"><\/div>\n\n\n\n<figure class=\"wp-block-image size-large\"><a href=\"https:\/\/communityfoundations.ca\/wp-content\/uploads\/2021\/10\/FICHE-OUTIL-\u2013-Pour-commencer-_-mettre-en-place-des-systemes-de-gestion-financiere.pdf\"><img loading=\"lazy\" decoding=\"async\" width=\"1024\" height=\"683\" src=\"https:\/\/communityfoundations.ca\/wp-content\/uploads\/2023\/04\/gabrielle-henderson-HJckKnwCXxQ-unsplash-1024x683.jpg\" alt=\"\" class=\"wp-image-37410\" srcset=\"https:\/\/communityfoundations.ca\/wp-content\/uploads\/2023\/04\/gabrielle-henderson-HJckKnwCXxQ-unsplash-1024x683.jpg 1024w, https:\/\/communityfoundations.ca\/wp-content\/uploads\/2023\/04\/gabrielle-henderson-HJckKnwCXxQ-unsplash-300x200.jpg 300w, https:\/\/communityfoundations.ca\/wp-content\/uploads\/2023\/04\/gabrielle-henderson-HJckKnwCXxQ-unsplash-768x512.jpg 768w, https:\/\/communityfoundations.ca\/wp-content\/uploads\/2023\/04\/gabrielle-henderson-HJckKnwCXxQ-unsplash-1536x1024.jpg 1536w, https:\/\/communityfoundations.ca\/wp-content\/uploads\/2023\/04\/gabrielle-henderson-HJckKnwCXxQ-unsplash-2048x1365.jpg 2048w\" sizes=\"auto, (max-width: 1024px) 100vw, 1024px\" \/><\/a><figcaption class=\"wp-element-caption\"><a href=\"https:\/\/communityfoundations.ca\/wp-content\/uploads\/2021\/10\/FICHE-OUTIL-\u2013-Pour-commencer-_-mettre-en-place-des-systemes-de-gestion-financiere.pdf\"><strong>Fiche outil \u2013 Pour commencer : mettre en place des syst\u00e8mes de gestion financi\u00e8re<\/strong> <br><\/a>Il incombe au conseil d\u2019administration de surveiller la gestion financi\u00e8re de la fondation communautaire en \u00e9tablissant et en approuvant des politiques financi\u00e8res et un processus de surveillance continu. \u00c0 cette fin, il est essentiel d\u2019obtenir une aide professionnelle d\u00e8s que possible pour mettre en place vos syst\u00e8mes de gestion financi\u00e8re.<\/figcaption><\/figure>\n\n\n\n<div style=\"height:50px\" aria-hidden=\"true\" class=\"wp-block-spacer\"><\/div>\n\n\n\n<div style=\"height:0px\" aria-hidden=\"true\" class=\"wp-block-spacer\"><\/div>\n\n\n\n<div style=\"height:0px\" aria-hidden=\"true\" class=\"wp-block-spacer\"><\/div>\n\n\n\n<figure class=\"wp-block-image size-large\"><a href=\"https:\/\/communityfoundations.ca\/wp-content\/uploads\/2021\/04\/Fact-Sheet-Tenue-de-registres-comptables-organisee-FR.pdf\"><img loading=\"lazy\" decoding=\"async\" width=\"1024\" height=\"683\" src=\"https:\/\/communityfoundations.ca\/wp-content\/uploads\/2023\/03\/krakenimages-376KN_ISplE-unsplash-1024x683.jpg\" alt=\"\" class=\"wp-image-37335\" srcset=\"https:\/\/communityfoundations.ca\/wp-content\/uploads\/2023\/03\/krakenimages-376KN_ISplE-unsplash-1024x683.jpg 1024w, https:\/\/communityfoundations.ca\/wp-content\/uploads\/2023\/03\/krakenimages-376KN_ISplE-unsplash-300x200.jpg 300w, https:\/\/communityfoundations.ca\/wp-content\/uploads\/2023\/03\/krakenimages-376KN_ISplE-unsplash-768x512.jpg 768w, https:\/\/communityfoundations.ca\/wp-content\/uploads\/2023\/03\/krakenimages-376KN_ISplE-unsplash-1536x1024.jpg 1536w, https:\/\/communityfoundations.ca\/wp-content\/uploads\/2023\/03\/krakenimages-376KN_ISplE-unsplash-2048x1365.jpg 2048w\" sizes=\"auto, (max-width: 1024px) 100vw, 1024px\" \/><\/a><figcaption class=\"wp-element-caption\"><a href=\"https:\/\/communityfoundations.ca\/wp-content\/uploads\/2021\/04\/Fact-Sheet-Tenue-de-registres-comptables-organisee-FR.pdf\"><strong>Fiche outil \u2014 Tenue de registres comptables organis\u00e9e<\/strong> <br><\/a>La mise en place d\u2019un syst\u00e8me administrable de gestion des documents est essentielle \u00e0 la r\u00e9ussite de votre fondation communautaire. Ce n\u2019est pas seulement une question de garder votre bureau en ordre, car la tenue de registres ad\u00e9quats devient une obligation l\u00e9gale apr\u00e8s l\u2019enregistrement aupr\u00e8s de l\u2019Agence du revenu du Canada (ARC).<\/figcaption><\/figure>\n\n\n\n<div style=\"height:50px\" aria-hidden=\"true\" class=\"wp-block-spacer\"><\/div>\n\n\n\n<figure class=\"wp-block-image size-large\"><a href=\"https:\/\/communityfoundations.ca\/wp-content\/uploads\/2019\/04\/Can-a-community-foundation-undertake-charitable-activities-beyond-grantmaking-FR.pdf\"><img loading=\"lazy\" decoding=\"async\" width=\"1024\" height=\"683\" src=\"https:\/\/communityfoundations.ca\/wp-content\/uploads\/2022\/09\/anna-selle-ih1qPs_3coA-unsplash-1024x683.jpg\" alt=\"\" class=\"wp-image-35318\" srcset=\"https:\/\/communityfoundations.ca\/wp-content\/uploads\/2022\/09\/anna-selle-ih1qPs_3coA-unsplash-1024x683.jpg 1024w, https:\/\/communityfoundations.ca\/wp-content\/uploads\/2022\/09\/anna-selle-ih1qPs_3coA-unsplash-300x200.jpg 300w, https:\/\/communityfoundations.ca\/wp-content\/uploads\/2022\/09\/anna-selle-ih1qPs_3coA-unsplash-768x512.jpg 768w, https:\/\/communityfoundations.ca\/wp-content\/uploads\/2022\/09\/anna-selle-ih1qPs_3coA-unsplash-1536x1024.jpg 1536w, https:\/\/communityfoundations.ca\/wp-content\/uploads\/2022\/09\/anna-selle-ih1qPs_3coA-unsplash-2048x1365.jpg 2048w\" sizes=\"auto, (max-width: 1024px) 100vw, 1024px\" \/><\/a><figcaption class=\"wp-element-caption\"><a href=\"https:\/\/communityfoundations.ca\/wp-content\/uploads\/2019\/04\/Can-a-community-foundation-undertake-charitable-activities-beyond-grantmaking-FR.pdf\"><strong>Est-ce qu\u2019une fondation communautaire peut entreprendre des activite\u0301s de bienfaisance autres que le subventionnement?<\/strong> <br><\/a>Les activite\u0301s de bienfaisance d\u2019une fondation communautaire sont principalement son travail de leadership communautaire et les subventions qu\u2019elle accorde a\u0300 des donataires reconnus. Toutefois, une fondation communautaire peut aussi s\u2019engager elle-me\u0302me dans la prestation directe de programmes et de services, ce qui lui permet de fournir un financement direct a\u0300 une personne ou a\u0300 un organisme qui n\u2019est pas un organisme de bienfaisance enregistre\u0301.<\/figcaption><\/figure>\n<\/div>\n<\/div>\n","protected":false},"excerpt":{"rendered":"<p>Principales ressources pour l\u2019administration et les finances Vous aider \u00e0 \u00e9tablir vos politiques et pratiques financi\u00e8res.<\/p>\n","protected":false},"author":9,"featured_media":37430,"parent":0,"menu_order":0,"comment_status":"closed","ping_status":"closed","template":"","meta":{"footnotes":""},"class_list":["post-37670","page","type-page","status-publish","has-post-thumbnail","hentry"],"acf":[],"_links":{"self":[{"href":"https:\/\/communityfoundations.ca\/fr\/wp-json\/wp\/v2\/pages\/37670","targetHints":{"allow":["GET"]}}],"collection":[{"href":"https:\/\/communityfoundations.ca\/fr\/wp-json\/wp\/v2\/pages"}],"about":[{"href":"https:\/\/communityfoundations.ca\/fr\/wp-json\/wp\/v2\/types\/page"}],"author":[{"embeddable":true,"href":"https:\/\/communityfoundations.ca\/fr\/wp-json\/wp\/v2\/users\/9"}],"replies":[{"embeddable":true,"href":"https:\/\/communityfoundations.ca\/fr\/wp-json\/wp\/v2\/comments?post=37670"}],"version-history":[{"count":7,"href":"https:\/\/communityfoundations.ca\/fr\/wp-json\/wp\/v2\/pages\/37670\/revisions"}],"predecessor-version":[{"id":45433,"href":"https:\/\/communityfoundations.ca\/fr\/wp-json\/wp\/v2\/pages\/37670\/revisions\/45433"}],"wp:featuredmedia":[{"embeddable":true,"href":"https:\/\/communityfoundations.ca\/fr\/wp-json\/wp\/v2\/media\/37430"}],"wp:attachment":[{"href":"https:\/\/communityfoundations.ca\/fr\/wp-json\/wp\/v2\/media?parent=37670"}],"curies":[{"name":"wp","href":"https:\/\/api.w.org\/{rel}","templated":true}]}}