{"id":40393,"date":"2019-04-12T14:56:38","date_gmt":"2019-04-12T14:56:38","guid":{"rendered":"https:\/\/communityfoundations.ca\/land-acknowledgment\/"},"modified":"2024-01-23T13:56:57","modified_gmt":"2024-01-23T18:56:57","slug":"reconnaissance-territoriale","status":"publish","type":"page","link":"https:\/\/communityfoundations.ca\/fr\/reconnaissance-territoriale\/","title":{"rendered":"Reconnaissance territoriale"},"content":{"rendered":"\n<p><strong><strong>Reconnaissance<\/strong><\/strong><br><\/p>\n\n\n\n<p><em>Fondations communautaires du Canada reconna\u00eet que les peuples autochtones sont les gardiens traditionnels de ce territoire que nous appelons le Canada;<\/em><\/p>\n\n\n\n<p><em>Que ce territoire entier est non c\u00e9d\u00e9 et que les dirigeants de chacune des 191 fondations communautaires canadiennes que nous soutenons ont le devoir de reconna\u00eetre leur relation avec le territoire sur lequel ils vivent et travaillent, et de donner la priorit\u00e9 aux initiatives qui favorisent la r\u00e9conciliation avec les communaut\u00e9s autochtones locales;<\/em><\/p>\n\n\n\n<p><em>Que les gardiens des savoirs traditionnels autochtones de chaque communaut\u00e9 sont dignes d\u2019estime, de consid\u00e9ration et de respect;<\/em><\/p>\n\n\n\n<p><em>Que les courageux leaders autochtones, qu\u2019ils soient jeunes ou \u00e2g\u00e9s, m\u00e9ritent le soutien continu de tous les Canadiens et de toutes les Canadiennes afin de cr\u00e9er des opportunit\u00e9s \u00e9gales pour tous les habitants de ce territoire; et<\/em><\/p>\n\n\n\n<p><em>Que la r\u00e9conciliation sera possible lorsque tous les Canadiens et toutes les Canadiennes se seront engag\u00e9s \u00e0 en apprendre davantage sur notre pass\u00e9 commun, \u00e0 \u00e9couter les v\u00e9rit\u00e9s autochtones et \u00e0 emprunter une nouvelle voie, plus inclusive, collaborative et respectueuse, vers un avenir meilleur.<\/em><\/p>\n\n\n\n<figure class=\"wp-block-image\"><img loading=\"lazy\" decoding=\"async\" width=\"1024\" height=\"453\" src=\"https:\/\/communityfoundations.ca\/wp-content\/uploads\/2019\/04\/cfc_placeholderheader-1024x453.jpg\" alt=\"\" class=\"wp-image-148\" srcset=\"https:\/\/communityfoundations.ca\/wp-content\/uploads\/2019\/04\/cfc_placeholderheader-1024x453.jpg 1024w, https:\/\/communityfoundations.ca\/wp-content\/uploads\/2019\/04\/cfc_placeholderheader-300x133.jpg 300w, https:\/\/communityfoundations.ca\/wp-content\/uploads\/2019\/04\/cfc_placeholderheader-768x340.jpg 768w, https:\/\/communityfoundations.ca\/wp-content\/uploads\/2019\/04\/cfc_placeholderheader.jpg 1280w\" sizes=\"auto, (max-width: 1024px) 100vw, 1024px\" \/><\/figure>\n\n\n\n<h2 class=\"wp-block-heading\"><strong><strong>Notre engagement<\/strong><\/strong><\/h2>\n\n\n\n<p>Au cours de la s\u00e9ance de cl\u00f4ture de la Commission de v\u00e9rit\u00e9 et r\u00e9conciliation du Canada, le 1<sup>er<\/sup> juin 2015, Fondations communautaires du Canada a \u00e9t\u00e9 l\u2019un des nombreux groupes et organismes de financement \u00e0 pr\u00e9senter une D\u00e9claration d\u2019action philanthropique. Dans cette d\u00e9claration, nous nous sommes engag\u00e9s \u00e0 \u0153uvrer en faveur de la r\u00e9conciliation et \u00e0 soutenir l\u2019application des recommandations de la Commission. Plus pr\u00e9cis\u00e9ment, nous nous sommes engag\u00e9s \u00e0 ce qui suit :<\/p>\n\n\n\n<p><em>Apprendre et se souvenir\u2026<\/em><\/p>\n\n\n\n<p>1. En \u00e9coutant avec respect, compassion et empathie tout en tendant la main \u00e0 ceux qui ont pr\u00eat\u00e9 leur voix pour mettre en lumi\u00e8re la trag\u00e9die du syst\u00e8me des pensionnats autochtones; en comprenant l\u2019impact cumulatif des traumatismes encore vivants qui ont travers\u00e9 les g\u00e9n\u00e9rations; en conservant le souvenir des voix qui ont \u00e9t\u00e9 r\u00e9duites au silence; et<\/p>\n\n\n\n<p>2. En engageant la communaut\u00e9 philanthropique dans le dialogue n\u00e9cessaire pour assurer que cette d\u00e9marche se fasse avec \u2014 et non pas pour \u2014 les peuples autochtones dans toute leur diversit\u00e9.<\/p>\n\n\n\n<p><em>Comprendre et reconna\u00eetre\u2026<\/em><\/p>\n\n\n\n<p>1. En se renseignant sur l\u2019histoire et l\u2019h\u00e9ritage du syst\u00e8me colonial qui a impos\u00e9 le syst\u00e8me des pensionnats autochtones, qui a d\u00e9poss\u00e9d\u00e9 et caus\u00e9 du tort aux peuples autochtones et \u00e0 leurs cultures, afin de mieux comprendre comment travailler vers la r\u00e9conciliation n\u00e9cessaire aujourd\u2019hui et pour l\u2019avenir; et<\/p>\n\n\n\n<p>2. En reconnaissant la n\u00e9cessit\u00e9 d\u2019un engagement continu pour soutenir la poursuite de ce cheminement multig\u00e9n\u00e9rationnel de gu\u00e9rison et de r\u00e9conciliation.<\/p>\n\n\n\n<p><em>Participer et agir\u2026<\/em><\/p>\n\n\n\n<p>1. En partageant nos r\u00e9seaux, nos voix et nos ressources afin d\u2019inclure et d\u2019aider les peuples autochtones;<\/p>\n\n\n\n<p>2. En s\u2019engageant \u00e0 b\u00e2tir des relations avec les peuples autochtones et \u00e0 \u00e9tendre la port\u00e9e de nos efforts, tant au niveau de nos politiques que de nos pratiques; et<\/p>\n\n\n\n<p>3. En explorant de nouvelles occasions de favoriser la gu\u00e9rison et la r\u00e9conciliation, ainsi que la mise en place de l\u2019esprit, de l\u2019intention et du contenu des conclusions et des recommandations de la Commission de v\u00e9rit\u00e9 et r\u00e9conciliation.<\/p>\n","protected":false},"excerpt":{"rendered":"<p>Reconnaissance Fondations communautaires du Canada reconna\u00eet que les peuples autochtones sont les gardiens traditionnels de ce territoire que nous appelons le Canada; Que ce territoire entier est non c\u00e9d\u00e9 et que les dirigeants de chacune des 191 fondations communautaires canadiennes que nous soutenons ont le devoir de reconna\u00eetre leur relation avec le territoire sur lequel [&hellip;]<\/p>\n","protected":false},"author":2,"featured_media":0,"parent":0,"menu_order":0,"comment_status":"closed","ping_status":"closed","template":"","meta":{"footnotes":""},"class_list":["post-40393","page","type-page","status-publish","hentry"],"acf":[],"_links":{"self":[{"href":"https:\/\/communityfoundations.ca\/fr\/wp-json\/wp\/v2\/pages\/40393","targetHints":{"allow":["GET"]}}],"collection":[{"href":"https:\/\/communityfoundations.ca\/fr\/wp-json\/wp\/v2\/pages"}],"about":[{"href":"https:\/\/communityfoundations.ca\/fr\/wp-json\/wp\/v2\/types\/page"}],"author":[{"embeddable":true,"href":"https:\/\/communityfoundations.ca\/fr\/wp-json\/wp\/v2\/users\/2"}],"replies":[{"embeddable":true,"href":"https:\/\/communityfoundations.ca\/fr\/wp-json\/wp\/v2\/comments?post=40393"}],"version-history":[{"count":0,"href":"https:\/\/communityfoundations.ca\/fr\/wp-json\/wp\/v2\/pages\/40393\/revisions"}],"wp:attachment":[{"href":"https:\/\/communityfoundations.ca\/fr\/wp-json\/wp\/v2\/media?parent=40393"}],"curies":[{"name":"wp","href":"https:\/\/api.w.org\/{rel}","templated":true}]}}