{"id":9641,"date":"2016-08-15T10:27:18","date_gmt":"2016-08-15T14:27:18","guid":{"rendered":"http:\/\/communityfoundations.ca\/fr\/temp-vital-signs\/"},"modified":"2019-06-19T11:28:55","modified_gmt":"2019-06-19T15:28:55","slug":"signesvitaux","status":"publish","type":"page","link":"https:\/\/communityfoundations.ca\/fr\/signesvitaux\/","title":{"rendered":"Signes vitaux"},"content":{"rendered":"<p><em>Signes vitaux<\/em> est un programme communautaire qui s\u2019appuie sur des connaissances locales pour mesurer la vitalit\u00e9 d\u2019une collectivit\u00e9 et adopter des mesures favorisant une meilleure qualit\u00e9 de vie. <em>Signes vitaux<\/em> est coordonn\u00e9 par Fondations communautaires du Canada et pilot\u00e9 par des fondations communautaires au pays et \u00e0 travers le monde.<\/p>\n<p>Dans le cadre du programme<em> Signes vitaux<\/em>, les fondations communautaires se servent des donn\u00e9es locales et des informations re\u00e7ues des membres de leur collectivit\u00e9 pour cerner les enjeux cl\u00e9s. L\u2019objectif de <em>Signes vitaux<\/em> est de partager ces renseignements avec la collectivit\u00e9, de susciter l\u2019engagement civique, et d\u2019orienter le d\u00e9bat public dans les collectivit\u00e9s au Canada et \u00e0 l\u2019\u00e9tranger. Ces connaissances aident la population, les organismes communautaires, les universit\u00e9s et coll\u00e8ges, les responsables gouvernementaux et les fondations communautaires \u00e0 prendre des mesures concr\u00e8tes et \u00e0 utiliser les ressources de fa\u00e7on \u00e0 maximiser les retomb\u00e9es.<\/p>\n<p>Afin d\u2019en savoir davantage au sujet de <em>Signes vitaux<\/em> dans les collectivit\u00e9s canadiennes, visitez notre <a href=\"https:\/\/communityfoundations.ca\/fr\/signesvitaux\/community-vital-signs\/\">page Signes vitaux communautaires<\/a>.<\/p>\n<p>Afin d\u2019en savoir davantage au sujet de la participation internationale au programme <em>Signes vitaux<\/em>, visitez notre <a href=\"https:\/\/communityfoundations.ca\/fr\/signesvitaux\/international-vital-signs\/\">page <em>Signes vitaux<\/em> international<\/a>.<\/p>\n<p>Pour plus d\u2019information au sujet du leadership de Fondations communautaires du Canada relativement au programme<em> Signes vitaux<\/em>, consultez notre <a href=\"https:\/\/communityfoundations.ca\/fr\/signesvitaux\/national-vital-signs\/\">page <em>Signes vitaux<\/em> national<\/a>.<\/p>\n<h2>Comment participer<\/h2>\n<p>Les fondations communautaires et les leaders et groupes communautaires qui aimeraient savoir comment participer au programme <em>Signes vitaux<\/em> peuvent contacter Alison Sidney, coordonnatrice des initiatives strat\u00e9giques \u00e0 Fondations communautaires du Canada.<\/p>\n<h2>Personne \u00e0 contacter<\/h2>\n<aside class=\"program-contact\"><img loading=\"lazy\" decoding=\"async\" class=\"alignnone size-full wp-image-14949\" src=\"https:\/\/communityfoundations.ca\/wp-content\/uploads\/2018\/01\/p2117816352-o1002228219-4-e1469646615421.jpg\" alt=\"\" width=\"300\" height=\"300\" \/><\/p>\n<div>\n<h3>Alison Sidney<\/h3>\n<p class=\"title\">Gestionnaire, Initiatives strat\u00e9giques<\/p>\n<p>Alison tient un r\u00f4le du premier plan dans la strat\u00e9gie et la mise en \u0153uvre des Signes vitaux pour le r\u00e9seau du Fondations communautaires du Canada.<\/p>\n<p><a href=\"mailto:asidney@communityfoundations.ca\">asidney@communityfoundations.ca<\/a> | (613) 236-2664, poste 333<\/p>\n<\/div>\n<\/aside>\n","protected":false},"excerpt":{"rendered":"<p>Signes vitaux est un programme communautaire qui s\u2019appuie sur des connaissances locales pour mesurer la vitalit\u00e9 d\u2019une collectivit\u00e9 et adopter des mesures favorisant une meilleure qualit\u00e9 de vie. Signes vitaux est coordonn\u00e9 par Fondations communautaires du Canada et pilot\u00e9 par des fondations communautaires au pays et \u00e0 travers le monde. Dans le cadre du programme [&hellip;]<\/p>\n","protected":false},"author":2,"featured_media":0,"parent":0,"menu_order":0,"comment_status":"closed","ping_status":"closed","template":"templates\/page-vital-signs.php","meta":{"footnotes":""},"class_list":["post-9641","page","type-page","status-publish","hentry"],"acf":[],"_links":{"self":[{"href":"https:\/\/communityfoundations.ca\/fr\/wp-json\/wp\/v2\/pages\/9641","targetHints":{"allow":["GET"]}}],"collection":[{"href":"https:\/\/communityfoundations.ca\/fr\/wp-json\/wp\/v2\/pages"}],"about":[{"href":"https:\/\/communityfoundations.ca\/fr\/wp-json\/wp\/v2\/types\/page"}],"author":[{"embeddable":true,"href":"https:\/\/communityfoundations.ca\/fr\/wp-json\/wp\/v2\/users\/2"}],"replies":[{"embeddable":true,"href":"https:\/\/communityfoundations.ca\/fr\/wp-json\/wp\/v2\/comments?post=9641"}],"version-history":[{"count":2,"href":"https:\/\/communityfoundations.ca\/fr\/wp-json\/wp\/v2\/pages\/9641\/revisions"}],"predecessor-version":[{"id":20846,"href":"https:\/\/communityfoundations.ca\/fr\/wp-json\/wp\/v2\/pages\/9641\/revisions\/20846"}],"wp:attachment":[{"href":"https:\/\/communityfoundations.ca\/fr\/wp-json\/wp\/v2\/media?parent=9641"}],"curies":[{"name":"wp","href":"https:\/\/api.w.org\/{rel}","templated":true}]}}